{"id":788,"date":"2021-10-08T15:39:41","date_gmt":"2021-10-08T15:39:41","guid":{"rendered":"https:\/\/beawichreif.com\/?post_type=product&#038;p=788"},"modified":"2024-12-18T12:24:07","modified_gmt":"2024-12-18T12:24:07","slug":"porzellan-figur-gespenst","status":"publish","type":"product","link":"https:\/\/beawichreif.com\/?product=porzellan-figur-gespenst","title":{"rendered":"Wei\u00dfes Gespenst aus Porzellan mit irisierender Oberfl\u00e4che"},"content":{"rendered":"\t\t<div data-elementor-type=\"product-post\" data-elementor-id=\"788\" class=\"elementor elementor-788\" data-elementor-post-type=\"product\">\n\t\t\t\t\t\t<section class=\"elementor-section elementor-top-section elementor-element elementor-element-1144f79f elementor-section-boxed elementor-section-height-default elementor-section-height-default\" data-id=\"1144f79f\" data-element_type=\"section\" data-e-type=\"section\">\n\t\t\t\t\t\t<div class=\"elementor-container elementor-column-gap-default\">\n\t\t\t\t\t<div class=\"elementor-column elementor-col-100 elementor-top-column elementor-element elementor-element-741db28b\" data-id=\"741db28b\" data-element_type=\"column\" data-e-type=\"column\">\n\t\t\t<div class=\"elementor-widget-wrap elementor-element-populated\">\n\t\t\t\t\t\t<div class=\"elementor-element elementor-element-97b89d7 elementor-widget elementor-widget-text-editor\" data-id=\"97b89d7\" data-element_type=\"widget\" data-e-type=\"widget\" data-widget_type=\"text-editor.default\">\n\t\t\t\t<div class=\"elementor-widget-container\">\n\t\t\t\t\t\t\t\t\tKlares Design, Handwerk &#8222;Made in Germany&#8220; und ein Konzept mit Augenzwinkern. Das kleine Gespenst vereint sympathisch diese drei Aspekte und macht als Stimmungslicht, R\u00e4ucherm\u00e4nnchen oder Dekoobjekt eine gute Figur.\r\n\r\nDer ca. 10 cm hohe Porzellangeist wurde im Frankenwald handgegossen, gebrannt und mehrfach glasiert.\r\n\r\nDurch die besondere Oberfl\u00e4chenveredelung ist jedes Gespenst einzigartig.\r\n\r\nEs kommt mit einem LED-Licht und ist somit sofort f\u00fcr den Einsatz als Stimmungslicht bereit. Vom Benutzen mit echten Teelichtern wird abgeraten, da der L\u00fcster bei gro\u00dfer Hitze eventuell verbrennen kann und die irisierende Oberfl\u00e4che besch\u00e4digt werden k\u00f6nnte.\r\n\r\nDas Produkt kann von der Abbildung abweichen, weil jedes Gespenst von der Form und Oberfl\u00e4chenveredelung her ein Unikat ist. Die Gespenster sind jedoch alle recht \u00e4hnlich, k\u00f6nnen aber nie identisch hergestellt werden.\r\n\r\n&nbsp;\r\n\r\n&nbsp;\t\t\t\t\t\t\t\t<\/div>\n\t\t\t\t<\/div>\n\t\t\t\t\t<\/div>\n\t\t<\/div>\n\t\t\t\t\t<\/div>\n\t\t<\/section>\n\t\t\t\t<section class=\"elementor-section elementor-top-section elementor-element elementor-element-d760d84 elementor-section-boxed elementor-section-height-default elementor-section-height-default\" data-id=\"d760d84\" data-element_type=\"section\" data-e-type=\"section\">\n\t\t\t\t\t\t<div class=\"elementor-container elementor-column-gap-default\">\n\t\t\t\t\t<div class=\"elementor-column elementor-col-100 elementor-top-column elementor-element elementor-element-0d1d944\" data-id=\"0d1d944\" data-element_type=\"column\" data-e-type=\"column\">\n\t\t\t<div class=\"elementor-widget-wrap elementor-element-populated\">\n\t\t\t\t\t\t<div class=\"elementor-element elementor-element-5bc07ff elementor-add-to-cart--layout-stacked elementor-add-to-cart--align-left e-add-to-cart--show-quantity-yes elementor-widget elementor-widget-woocommerce-product-add-to-cart\" data-id=\"5bc07ff\" data-element_type=\"widget\" data-e-type=\"widget\" data-widget_type=\"woocommerce-product-add-to-cart.default\">\n\t\t\t\t<div class=\"elementor-widget-container\">\n\t\t\t\t\t\n\t\t<div class=\"elementor-add-to-cart elementor-product-simple\">\n\t\t\t<p class=\"stock in-stock\">Vorr\u00e4tig<\/p>\n\n\t\n\t<form class=\"cart\" action=\"https:\/\/beawichreif.com\/?product=porzellan-figur-gespenst\" method=\"post\" enctype='multipart\/form-data'>\n\t\t\n\t\t\t\t<div class=\"e-atc-qty-button-holder\">\n\t\t<div class=\"quantity\">\n\t\t<label class=\"screen-reader-text\" for=\"quantity_6a06e8580abfc\">Wei\u00dfes Gespenst aus Porzellan mit irisierender Oberfl\u00e4che Menge<\/label>\n\t<input\n\t\ttype=\"number\"\n\t\t\t\tid=\"quantity_6a06e8580abfc\"\n\t\tclass=\"input-text qty text\"\n\t\tname=\"quantity\"\n\t\tvalue=\"1\"\n\t\taria-label=\"Produktmenge\"\n\t\t\t\tmin=\"1\"\n\t\t\t\t\tmax=\"7\"\n\t\t\t\t\t\t\tstep=\"1\"\n\t\t\tplaceholder=\"\"\n\t\t\tinputmode=\"numeric\"\n\t\t\tautocomplete=\"off\"\n\t\t\t\/>\n\t<\/div>\n\n\t\t<button type=\"submit\" name=\"add-to-cart\" value=\"788\" class=\"single_add_to_cart_button button alt\">In den Warenkorb<\/button>\n\n\t\t\t\t<\/div>\n\t\t\t<\/form>\n\n\t\n\t\t<\/div>\n\n\t\t\t\t\t\t<\/div>\n\t\t\t\t<\/div>\n\t\t\t\t<div class=\"elementor-element elementor-element-25457bb elementor-widget elementor-widget-woocommerce-breadcrumb\" data-id=\"25457bb\" data-element_type=\"widget\" data-e-type=\"widget\" data-widget_type=\"woocommerce-breadcrumb.default\">\n\t\t\t\t<div class=\"elementor-widget-container\">\n\t\t\t\t\t<div class=\"site-breadcrumbs woocommerce-breadcrumbs clr\">Start<\/div>\t\t\t\t<\/div>\n\t\t\t\t<\/div>\n\t\t\t\t\t<\/div>\n\t\t<\/div>\n\t\t\t\t\t<\/div>\n\t\t<\/section>\n\t\t\t\t<section class=\"elementor-section elementor-top-section elementor-element elementor-element-21969d8 elementor-section-boxed elementor-section-height-default elementor-section-height-default\" data-id=\"21969d8\" data-element_type=\"section\" data-e-type=\"section\">\n\t\t\t\t\t\t<div class=\"elementor-container elementor-column-gap-default\">\n\t\t\t\t\t<div class=\"elementor-column elementor-col-100 elementor-top-column elementor-element elementor-element-ce63f2c\" data-id=\"ce63f2c\" data-element_type=\"column\" data-e-type=\"column\">\n\t\t\t<div class=\"elementor-widget-wrap\">\n\t\t\t\t\t\t\t<\/div>\n\t\t<\/div>\n\t\t\t\t\t<\/div>\n\t\t<\/section>\n\t\t\t\t<\/div>\n\t\t","protected":false},"excerpt":{"rendered":"<p>Klares Design, Handwerk &#8222;Made in Germany&#8220; und ein Konzept mit Augenzwinkern. Das kleine Gespenst vereint sympathisch diese drei Aspekte und macht als Stimmungslicht, R\u00e4ucherm\u00e4nnchen oder Dekoobjekt eine gute Figur. Der ca. 10 cm hohe Porzellangeist wurde im Frankenwald handgegossen, gebrannt und mehrfach glasiert. Durch die besondere Oberfl\u00e4chenveredelung ist jedes Gespenst einzigartig. Es kommt mit einem [&hellip;]<\/p>\n","protected":false},"featured_media":784,"template":"","meta":{"ocean_post_layout":"","ocean_both_sidebars_style":"","ocean_both_sidebars_content_width":0,"ocean_both_sidebars_sidebars_width":0,"ocean_sidebar":"0","ocean_second_sidebar":"0","ocean_disable_margins":"enable","ocean_add_body_class":"","ocean_shortcode_before_top_bar":"","ocean_shortcode_after_top_bar":"","ocean_shortcode_before_header":"","ocean_shortcode_after_header":"","ocean_has_shortcode":"","ocean_shortcode_after_title":"","ocean_shortcode_before_footer_widgets":"","ocean_shortcode_after_footer_widgets":"","ocean_shortcode_before_footer_bottom":"","ocean_shortcode_after_footer_bottom":"","ocean_display_top_bar":"default","ocean_display_header":"default","ocean_header_style":"","ocean_center_header_left_menu":"0","ocean_custom_header_template":"0","ocean_custom_logo":0,"ocean_custom_retina_logo":0,"ocean_custom_logo_max_width":0,"ocean_custom_logo_tablet_max_width":0,"ocean_custom_logo_mobile_max_width":0,"ocean_custom_logo_max_height":0,"ocean_custom_logo_tablet_max_height":0,"ocean_custom_logo_mobile_max_height":0,"ocean_header_custom_menu":"0","ocean_menu_typo_font_family":"0","ocean_menu_typo_font_subset":"","ocean_menu_typo_font_size":0,"ocean_menu_typo_font_size_tablet":0,"ocean_menu_typo_font_size_mobile":0,"ocean_menu_typo_font_size_unit":"px","ocean_menu_typo_font_weight":"","ocean_menu_typo_font_weight_tablet":"","ocean_menu_typo_font_weight_mobile":"","ocean_menu_typo_transform":"","ocean_menu_typo_transform_tablet":"","ocean_menu_typo_transform_mobile":"","ocean_menu_typo_line_height":0,"ocean_menu_typo_line_height_tablet":0,"ocean_menu_typo_line_height_mobile":0,"ocean_menu_typo_line_height_unit":"","ocean_menu_typo_spacing":0,"ocean_menu_typo_spacing_tablet":0,"ocean_menu_typo_spacing_mobile":0,"ocean_menu_typo_spacing_unit":"","ocean_menu_link_color":"","ocean_menu_link_color_hover":"","ocean_menu_link_color_active":"","ocean_menu_link_background":"","ocean_menu_link_hover_background":"","ocean_menu_link_active_background":"","ocean_menu_social_links_bg":"","ocean_menu_social_hover_links_bg":"","ocean_menu_social_links_color":"","ocean_menu_social_hover_links_color":"","ocean_disable_title":"default","ocean_disable_heading":"default","ocean_post_title":"","ocean_post_subheading":"","ocean_post_title_style":"","ocean_post_title_background_color":"","ocean_post_title_background":0,"ocean_post_title_bg_image_position":"","ocean_post_title_bg_image_attachment":"","ocean_post_title_bg_image_repeat":"","ocean_post_title_bg_image_size":"","ocean_post_title_height":0,"ocean_post_title_bg_overlay":0.5,"ocean_post_title_bg_overlay_color":"","ocean_disable_breadcrumbs":"default","ocean_breadcrumbs_color":"","ocean_breadcrumbs_separator_color":"","ocean_breadcrumbs_links_color":"","ocean_breadcrumbs_links_hover_color":"","ocean_display_footer_widgets":"default","ocean_display_footer_bottom":"default","ocean_custom_footer_template":"0"},"product_brand":[],"product_cat":[46],"product_tag":[37,24,23,40,33],"class_list":{"0":"post-788","1":"product","2":"type-product","3":"status-publish","4":"has-post-thumbnail","6":"product_cat-gespenster-ghosts","7":"product_tag-dekogespenst","8":"product_tag-geist","9":"product_tag-gespenst","10":"product_tag-ghost","11":"product_tag-halloween","13":"entry","14":"has-media","16":"first","17":"instock","18":"shipping-taxable","19":"purchasable","20":"product-type-simple","21":"has-product-nav","22":"col","23":"span_1_of_3","24":"owp-content-center","25":"owp-thumbs-layout-horizontal","26":"owp-btn-normal","27":"owp-tabs-layout-horizontal"},"yoast_head":"<!-- This site is optimized with the Yoast SEO plugin v26.9 - https:\/\/yoast.com\/product\/yoast-seo-wordpress\/ -->\n<title>Wei\u00dfes Gespenst aus Porzellan mit irisierender Oberfl\u00e4che - Beate Wich-Reif Industrial Designer<\/title>\n<meta name=\"description\" content=\"Weisse Gespenster Figur aus Porzellan als Windlicht mit LED Kerze - Design &quot;made in Germany&quot;\" \/>\n<meta name=\"robots\" content=\"index, follow, max-snippet:-1, max-image-preview:large, max-video-preview:-1\" \/>\n<link rel=\"canonical\" href=\"https:\/\/beawichreif.com\/?product=porzellan-figur-gespenst\" \/>\n<meta property=\"og:locale\" content=\"de_DE\" \/>\n<meta property=\"og:type\" content=\"article\" \/>\n<meta property=\"og:title\" content=\"Wei\u00dfes Gespenst aus Porzellan mit irisierender Oberfl\u00e4che - Beate Wich-Reif Industrial Designer\" \/>\n<meta property=\"og:description\" content=\"Weisse Gespenster Figur aus Porzellan als Windlicht mit LED Kerze - Design &quot;made in Germany&quot;\" \/>\n<meta property=\"og:url\" content=\"https:\/\/beawichreif.com\/?product=porzellan-figur-gespenst\" \/>\n<meta property=\"og:site_name\" content=\"Beate Wich-Reif Industrial Designer\" \/>\n<meta property=\"article:modified_time\" content=\"2024-12-18T12:24:07+00:00\" \/>\n<meta property=\"og:image\" content=\"https:\/\/beawichreif.com\/wp-content\/uploads\/2021\/10\/gespenst_IRIS_beawichreif_front_A.jpg\" \/>\n\t<meta property=\"og:image:width\" content=\"800\" \/>\n\t<meta property=\"og:image:height\" content=\"800\" \/>\n\t<meta property=\"og:image:type\" content=\"image\/jpeg\" \/>\n<meta name=\"twitter:card\" content=\"summary_large_image\" \/>\n<script type=\"application\/ld+json\" class=\"yoast-schema-graph\">{\"@context\":\"https:\/\/schema.org\",\"@graph\":[{\"@type\":\"WebPage\",\"@id\":\"https:\/\/beawichreif.com\/?product=porzellan-figur-gespenst\",\"url\":\"https:\/\/beawichreif.com\/?product=porzellan-figur-gespenst\",\"name\":\"Wei\u00dfes Gespenst aus Porzellan mit irisierender Oberfl\u00e4che - Beate Wich-Reif Industrial Designer\",\"isPartOf\":{\"@id\":\"https:\/\/beawichreif.com\/#website\"},\"primaryImageOfPage\":{\"@id\":\"https:\/\/beawichreif.com\/?product=porzellan-figur-gespenst#primaryimage\"},\"image\":{\"@id\":\"https:\/\/beawichreif.com\/?product=porzellan-figur-gespenst#primaryimage\"},\"thumbnailUrl\":\"https:\/\/beawichreif.com\/wp-content\/uploads\/2021\/10\/gespenst_IRIS_beawichreif_front_A.jpg\",\"datePublished\":\"2021-10-08T15:39:41+00:00\",\"dateModified\":\"2024-12-18T12:24:07+00:00\",\"description\":\"Weisse Gespenster Figur aus Porzellan als Windlicht mit LED Kerze - Design \\\"made in Germany\\\"\",\"breadcrumb\":{\"@id\":\"https:\/\/beawichreif.com\/?product=porzellan-figur-gespenst#breadcrumb\"},\"inLanguage\":\"de\",\"potentialAction\":[{\"@type\":\"ReadAction\",\"target\":[\"https:\/\/beawichreif.com\/?product=porzellan-figur-gespenst\"]}]},{\"@type\":\"ImageObject\",\"inLanguage\":\"de\",\"@id\":\"https:\/\/beawichreif.com\/?product=porzellan-figur-gespenst#primaryimage\",\"url\":\"https:\/\/beawichreif.com\/wp-content\/uploads\/2021\/10\/gespenst_IRIS_beawichreif_front_A.jpg\",\"contentUrl\":\"https:\/\/beawichreif.com\/wp-content\/uploads\/2021\/10\/gespenst_IRIS_beawichreif_front_A.jpg\",\"width\":800,\"height\":800,\"caption\":\"Wei\u00dfes Gespenst aus Porzellan mit irisierender L\u00fcster-Oberfl\u00e4che\"},{\"@type\":\"BreadcrumbList\",\"@id\":\"https:\/\/beawichreif.com\/?product=porzellan-figur-gespenst#breadcrumb\",\"itemListElement\":[{\"@type\":\"ListItem\",\"position\":1,\"name\":\"Startseite\",\"item\":\"https:\/\/beawichreif.com\/\"},{\"@type\":\"ListItem\",\"position\":2,\"name\":\"Porzellan Design Shop. Gespenster und mehr\",\"item\":\"https:\/\/beawichreif.com\/\"},{\"@type\":\"ListItem\",\"position\":3,\"name\":\"Wei\u00dfes Gespenst aus Porzellan mit irisierender Oberfl\u00e4che\"}]},{\"@type\":\"WebSite\",\"@id\":\"https:\/\/beawichreif.com\/#website\",\"url\":\"https:\/\/beawichreif.com\/\",\"name\":\"Beate Wich-Reif Industrial Designer\",\"description\":\"Porzellan-Objekte\",\"potentialAction\":[{\"@type\":\"SearchAction\",\"target\":{\"@type\":\"EntryPoint\",\"urlTemplate\":\"https:\/\/beawichreif.com\/?s={search_term_string}\"},\"query-input\":{\"@type\":\"PropertyValueSpecification\",\"valueRequired\":true,\"valueName\":\"search_term_string\"}}],\"inLanguage\":\"de\"}]}<\/script>\n<!-- \/ Yoast SEO plugin. -->","yoast_head_json":{"title":"Wei\u00dfes Gespenst aus Porzellan mit irisierender Oberfl\u00e4che - Beate Wich-Reif Industrial Designer","description":"Weisse Gespenster Figur aus Porzellan als Windlicht mit LED Kerze - Design \"made in Germany\"","robots":{"index":"index","follow":"follow","max-snippet":"max-snippet:-1","max-image-preview":"max-image-preview:large","max-video-preview":"max-video-preview:-1"},"canonical":"https:\/\/beawichreif.com\/?product=porzellan-figur-gespenst","og_locale":"de_DE","og_type":"article","og_title":"Wei\u00dfes Gespenst aus Porzellan mit irisierender Oberfl\u00e4che - Beate Wich-Reif Industrial Designer","og_description":"Weisse Gespenster Figur aus Porzellan als Windlicht mit LED Kerze - Design \"made in Germany\"","og_url":"https:\/\/beawichreif.com\/?product=porzellan-figur-gespenst","og_site_name":"Beate Wich-Reif Industrial Designer","article_modified_time":"2024-12-18T12:24:07+00:00","og_image":[{"width":800,"height":800,"url":"https:\/\/beawichreif.com\/wp-content\/uploads\/2021\/10\/gespenst_IRIS_beawichreif_front_A.jpg","type":"image\/jpeg"}],"twitter_card":"summary_large_image","schema":{"@context":"https:\/\/schema.org","@graph":[{"@type":"WebPage","@id":"https:\/\/beawichreif.com\/?product=porzellan-figur-gespenst","url":"https:\/\/beawichreif.com\/?product=porzellan-figur-gespenst","name":"Wei\u00dfes Gespenst aus Porzellan mit irisierender Oberfl\u00e4che - Beate Wich-Reif Industrial Designer","isPartOf":{"@id":"https:\/\/beawichreif.com\/#website"},"primaryImageOfPage":{"@id":"https:\/\/beawichreif.com\/?product=porzellan-figur-gespenst#primaryimage"},"image":{"@id":"https:\/\/beawichreif.com\/?product=porzellan-figur-gespenst#primaryimage"},"thumbnailUrl":"https:\/\/beawichreif.com\/wp-content\/uploads\/2021\/10\/gespenst_IRIS_beawichreif_front_A.jpg","datePublished":"2021-10-08T15:39:41+00:00","dateModified":"2024-12-18T12:24:07+00:00","description":"Weisse Gespenster Figur aus Porzellan als Windlicht mit LED Kerze - Design \"made in Germany\"","breadcrumb":{"@id":"https:\/\/beawichreif.com\/?product=porzellan-figur-gespenst#breadcrumb"},"inLanguage":"de","potentialAction":[{"@type":"ReadAction","target":["https:\/\/beawichreif.com\/?product=porzellan-figur-gespenst"]}]},{"@type":"ImageObject","inLanguage":"de","@id":"https:\/\/beawichreif.com\/?product=porzellan-figur-gespenst#primaryimage","url":"https:\/\/beawichreif.com\/wp-content\/uploads\/2021\/10\/gespenst_IRIS_beawichreif_front_A.jpg","contentUrl":"https:\/\/beawichreif.com\/wp-content\/uploads\/2021\/10\/gespenst_IRIS_beawichreif_front_A.jpg","width":800,"height":800,"caption":"Wei\u00dfes Gespenst aus Porzellan mit irisierender L\u00fcster-Oberfl\u00e4che"},{"@type":"BreadcrumbList","@id":"https:\/\/beawichreif.com\/?product=porzellan-figur-gespenst#breadcrumb","itemListElement":[{"@type":"ListItem","position":1,"name":"Startseite","item":"https:\/\/beawichreif.com\/"},{"@type":"ListItem","position":2,"name":"Porzellan Design Shop. Gespenster und mehr","item":"https:\/\/beawichreif.com\/"},{"@type":"ListItem","position":3,"name":"Wei\u00dfes Gespenst aus Porzellan mit irisierender Oberfl\u00e4che"}]},{"@type":"WebSite","@id":"https:\/\/beawichreif.com\/#website","url":"https:\/\/beawichreif.com\/","name":"Beate Wich-Reif Industrial Designer","description":"Porzellan-Objekte","potentialAction":[{"@type":"SearchAction","target":{"@type":"EntryPoint","urlTemplate":"https:\/\/beawichreif.com\/?s={search_term_string}"},"query-input":{"@type":"PropertyValueSpecification","valueRequired":true,"valueName":"search_term_string"}}],"inLanguage":"de"}]}},"_links":{"self":[{"href":"https:\/\/beawichreif.com\/index.php?rest_route=\/wp\/v2\/product\/788","targetHints":{"allow":["GET"]}}],"collection":[{"href":"https:\/\/beawichreif.com\/index.php?rest_route=\/wp\/v2\/product"}],"about":[{"href":"https:\/\/beawichreif.com\/index.php?rest_route=\/wp\/v2\/types\/product"}],"version-history":[{"count":7,"href":"https:\/\/beawichreif.com\/index.php?rest_route=\/wp\/v2\/product\/788\/revisions"}],"predecessor-version":[{"id":2378,"href":"https:\/\/beawichreif.com\/index.php?rest_route=\/wp\/v2\/product\/788\/revisions\/2378"}],"wp:featuredmedia":[{"embeddable":true,"href":"https:\/\/beawichreif.com\/index.php?rest_route=\/wp\/v2\/media\/784"}],"wp:attachment":[{"href":"https:\/\/beawichreif.com\/index.php?rest_route=%2Fwp%2Fv2%2Fmedia&parent=788"}],"wp:term":[{"taxonomy":"product_brand","embeddable":true,"href":"https:\/\/beawichreif.com\/index.php?rest_route=%2Fwp%2Fv2%2Fproduct_brand&post=788"},{"taxonomy":"product_cat","embeddable":true,"href":"https:\/\/beawichreif.com\/index.php?rest_route=%2Fwp%2Fv2%2Fproduct_cat&post=788"},{"taxonomy":"product_tag","embeddable":true,"href":"https:\/\/beawichreif.com\/index.php?rest_route=%2Fwp%2Fv2%2Fproduct_tag&post=788"}],"curies":[{"name":"wp","href":"https:\/\/api.w.org\/{rel}","templated":true}]}}