{"id":2079,"date":"2022-09-10T07:54:34","date_gmt":"2022-09-10T07:54:34","guid":{"rendered":"https:\/\/beawichreif.com\/?post_type=product&#038;p=2079"},"modified":"2022-09-12T06:46:50","modified_gmt":"2022-09-12T06:46:50","slug":"gespenst-schwarz-mit-blauen-sprenkeln-nr-2","status":"publish","type":"product","link":"https:\/\/beawichreif.com\/?product=gespenst-schwarz-mit-blauen-sprenkeln-nr-2","title":{"rendered":"Gespenst schwarz mit rosa Sprenkeln (die wie graue Sprenkel scheinen)"},"content":{"rendered":"<div id=\"tab-description\" class=\"woocommerce-Tabs-panel woocommerce-Tabs-panel--description panel entry-content wc-tab\" role=\"tabpanel\" aria-labelledby=\"tab-title-description\">\n<h2>Beschreibung<\/h2>\n<p>Klares Design, Handwerk \u201cMade in Germany\u201d und ein Konzept mit Augenzwinkern. Das kleine Gespenst vereint sympathisch diese drei Aspekte und macht als Stimmungslicht, R\u00e4ucherm\u00e4nnchen oder Dekoobjekt eine gute Figur.<\/p>\n<p>Der ca. 10 cm hohe Porzellangeist wurde im Frankenwald handgegossen, gebrannt, schwarz glasiert und im Anschluss in einem weiteren Schritt mit Glasurspritzern in dunkelrosa veredelt und erneut gebrannt. Die Glasursprenkel sind so fein, dass sie eher grau als rosa wirken. Aber es wurde tats\u00e4chlich mit Rosa gesprenkelt.<\/p>\n<p>Das Gespenst ist mehrfach gebrannt und sp\u00fclmaschinenfest.<\/p>\n<p>Der wei\u00dfe Wellenrand am Boden wurde angeschliffen und bietet einen starken Kontrast zur tiefschwarzen Glasur.<\/p>\n<p>Das Gespenst wird mit einem LED-Teelicht geliefert und ist sofort zum Einsatz bereit.<\/p>\n<p>Falls ihr echte Teelichter benutzt, stellt das Ganze bitte auf eine feuerfeste Unterlage au\u00dfer Reichweite von Kindern und Tieren. Ich empfehle vor dem Wechseln des Teelichts, das Gespenst am besten abk\u00fchlen zu lassen und wenn ihr ein abgebranntes Licht schnell tauschen wollt, dann bitte nur am Fu\u00df des Gespensts anzufassen, sonst besteht die Gefahr, dass ihr euch die Finger verbrennt.<\/p>\n<p>~~~~~~~~~~~~~~~~~~~~~~~~~~~~~~~~~~~~~~~~~~~~~~~~~~~~~~~~~~~~~~~~~~~~~~~~~~~~~~~~~~~~~~~~~~~~~~~~~~~~~~~~~~~~<\/p>\n<p>Please write me a message, if you live abroad and would like to purchase a ghost. It\u2019s no problem to send parcels to other countries, we just need to find out the mail charges and payment (if not Paypal).<\/p>\n<\/div>\n","protected":false},"excerpt":{"rendered":"<p>Beschreibung Klares Design, Handwerk \u201cMade in Germany\u201d und ein Konzept mit Augenzwinkern. Das kleine Gespenst vereint sympathisch diese drei Aspekte und macht als Stimmungslicht, R\u00e4ucherm\u00e4nnchen oder Dekoobjekt eine gute Figur. Der ca. 10 cm hohe Porzellangeist wurde im Frankenwald handgegossen, gebrannt, schwarz glasiert und im Anschluss in einem weiteren Schritt mit Glasurspritzern in dunkelrosa veredelt [&hellip;]<\/p>\n","protected":false},"featured_media":2081,"template":"","meta":{"ocean_post_layout":"","ocean_both_sidebars_style":"","ocean_both_sidebars_content_width":0,"ocean_both_sidebars_sidebars_width":0,"ocean_sidebar":"0","ocean_second_sidebar":"0","ocean_disable_margins":"enable","ocean_add_body_class":"","ocean_shortcode_before_top_bar":"","ocean_shortcode_after_top_bar":"","ocean_shortcode_before_header":"","ocean_shortcode_after_header":"","ocean_has_shortcode":"","ocean_shortcode_after_title":"","ocean_shortcode_before_footer_widgets":"","ocean_shortcode_after_footer_widgets":"","ocean_shortcode_before_footer_bottom":"","ocean_shortcode_after_footer_bottom":"","ocean_display_top_bar":"default","ocean_display_header":"default","ocean_header_style":"","ocean_center_header_left_menu":"0","ocean_custom_header_template":"0","ocean_custom_logo":0,"ocean_custom_retina_logo":0,"ocean_custom_logo_max_width":0,"ocean_custom_logo_tablet_max_width":0,"ocean_custom_logo_mobile_max_width":0,"ocean_custom_logo_max_height":0,"ocean_custom_logo_tablet_max_height":0,"ocean_custom_logo_mobile_max_height":0,"ocean_header_custom_menu":"0","ocean_menu_typo_font_family":"0","ocean_menu_typo_font_subset":"","ocean_menu_typo_font_size":0,"ocean_menu_typo_font_size_tablet":0,"ocean_menu_typo_font_size_mobile":0,"ocean_menu_typo_font_size_unit":"px","ocean_menu_typo_font_weight":"","ocean_menu_typo_font_weight_tablet":"","ocean_menu_typo_font_weight_mobile":"","ocean_menu_typo_transform":"","ocean_menu_typo_transform_tablet":"","ocean_menu_typo_transform_mobile":"","ocean_menu_typo_line_height":0,"ocean_menu_typo_line_height_tablet":0,"ocean_menu_typo_line_height_mobile":0,"ocean_menu_typo_line_height_unit":"","ocean_menu_typo_spacing":0,"ocean_menu_typo_spacing_tablet":0,"ocean_menu_typo_spacing_mobile":0,"ocean_menu_typo_spacing_unit":"","ocean_menu_link_color":"","ocean_menu_link_color_hover":"","ocean_menu_link_color_active":"","ocean_menu_link_background":"","ocean_menu_link_hover_background":"","ocean_menu_link_active_background":"","ocean_menu_social_links_bg":"","ocean_menu_social_hover_links_bg":"","ocean_menu_social_links_color":"","ocean_menu_social_hover_links_color":"","ocean_disable_title":"default","ocean_disable_heading":"default","ocean_post_title":"","ocean_post_subheading":"","ocean_post_title_style":"","ocean_post_title_background_color":"","ocean_post_title_background":0,"ocean_post_title_bg_image_position":"","ocean_post_title_bg_image_attachment":"","ocean_post_title_bg_image_repeat":"","ocean_post_title_bg_image_size":"","ocean_post_title_height":0,"ocean_post_title_bg_overlay":0.5,"ocean_post_title_bg_overlay_color":"","ocean_disable_breadcrumbs":"default","ocean_breadcrumbs_color":"","ocean_breadcrumbs_separator_color":"","ocean_breadcrumbs_links_color":"","ocean_breadcrumbs_links_hover_color":"","ocean_display_footer_widgets":"default","ocean_display_footer_bottom":"default","ocean_custom_footer_template":"0"},"product_brand":[],"product_cat":[46],"product_tag":[99,70],"class_list":{"0":"post-2079","1":"product","2":"type-product","3":"status-publish","4":"has-post-thumbnail","6":"product_cat-gespenster-ghosts","7":"product_tag-sprenkel","8":"product_tag-unikat","10":"entry","11":"has-media","13":"first","14":"instock","15":"shipping-taxable","16":"purchasable","17":"product-type-simple","18":"has-product-nav","19":"col","20":"span_1_of_3","21":"owp-content-center","22":"owp-thumbs-layout-horizontal","23":"owp-btn-normal","24":"owp-tabs-layout-horizontal"},"yoast_head":"<!-- This site is optimized with the Yoast SEO plugin v26.9 - https:\/\/yoast.com\/product\/yoast-seo-wordpress\/ -->\n<title>Gespenst schwarz mit rosa Sprenkeln (die wie graue Sprenkel scheinen) - Beate Wich-Reif Industrial Designer<\/title>\n<meta name=\"robots\" content=\"index, follow, max-snippet:-1, max-image-preview:large, max-video-preview:-1\" \/>\n<link rel=\"canonical\" href=\"https:\/\/beawichreif.com\/?product=gespenst-schwarz-mit-blauen-sprenkeln-nr-2\" \/>\n<meta property=\"og:locale\" content=\"de_DE\" \/>\n<meta property=\"og:type\" content=\"article\" \/>\n<meta property=\"og:title\" content=\"Gespenst schwarz mit rosa Sprenkeln (die wie graue Sprenkel scheinen) - Beate Wich-Reif Industrial Designer\" \/>\n<meta property=\"og:description\" content=\"Beschreibung Klares Design, Handwerk \u201cMade in Germany\u201d und ein Konzept mit Augenzwinkern. Das kleine Gespenst vereint sympathisch diese drei Aspekte und macht als Stimmungslicht, R\u00e4ucherm\u00e4nnchen oder Dekoobjekt eine gute Figur. Der ca. 10 cm hohe Porzellangeist wurde im Frankenwald handgegossen, gebrannt, schwarz glasiert und im Anschluss in einem weiteren Schritt mit Glasurspritzern in dunkelrosa veredelt [&hellip;]\" \/>\n<meta property=\"og:url\" content=\"https:\/\/beawichreif.com\/?product=gespenst-schwarz-mit-blauen-sprenkeln-nr-2\" \/>\n<meta property=\"og:site_name\" content=\"Beate Wich-Reif Industrial Designer\" \/>\n<meta property=\"article:modified_time\" content=\"2022-09-12T06:46:50+00:00\" \/>\n<meta property=\"og:image\" content=\"https:\/\/beawichreif.com\/wp-content\/uploads\/2022\/09\/Gespenst_schwarz_blaue_Sprenkel_2_front.jpg\" \/>\n\t<meta property=\"og:image:width\" content=\"1128\" \/>\n\t<meta property=\"og:image:height\" content=\"1128\" \/>\n\t<meta property=\"og:image:type\" content=\"image\/jpeg\" \/>\n<meta name=\"twitter:card\" content=\"summary_large_image\" \/>\n<meta name=\"twitter:label1\" content=\"Gesch\u00e4tzte Lesezeit\" \/>\n\t<meta name=\"twitter:data1\" content=\"1\u00a0Minute\" \/>\n<script type=\"application\/ld+json\" class=\"yoast-schema-graph\">{\"@context\":\"https:\/\/schema.org\",\"@graph\":[{\"@type\":\"WebPage\",\"@id\":\"https:\/\/beawichreif.com\/?product=gespenst-schwarz-mit-blauen-sprenkeln-nr-2\",\"url\":\"https:\/\/beawichreif.com\/?product=gespenst-schwarz-mit-blauen-sprenkeln-nr-2\",\"name\":\"Gespenst schwarz mit rosa Sprenkeln (die wie graue Sprenkel scheinen) - Beate Wich-Reif Industrial Designer\",\"isPartOf\":{\"@id\":\"https:\/\/beawichreif.com\/#website\"},\"primaryImageOfPage\":{\"@id\":\"https:\/\/beawichreif.com\/?product=gespenst-schwarz-mit-blauen-sprenkeln-nr-2#primaryimage\"},\"image\":{\"@id\":\"https:\/\/beawichreif.com\/?product=gespenst-schwarz-mit-blauen-sprenkeln-nr-2#primaryimage\"},\"thumbnailUrl\":\"https:\/\/beawichreif.com\/wp-content\/uploads\/2022\/09\/Gespenst_schwarz_blaue_Sprenkel_2_front.jpg\",\"datePublished\":\"2022-09-10T07:54:34+00:00\",\"dateModified\":\"2022-09-12T06:46:50+00:00\",\"breadcrumb\":{\"@id\":\"https:\/\/beawichreif.com\/?product=gespenst-schwarz-mit-blauen-sprenkeln-nr-2#breadcrumb\"},\"inLanguage\":\"de\",\"potentialAction\":[{\"@type\":\"ReadAction\",\"target\":[\"https:\/\/beawichreif.com\/?product=gespenst-schwarz-mit-blauen-sprenkeln-nr-2\"]}]},{\"@type\":\"ImageObject\",\"inLanguage\":\"de\",\"@id\":\"https:\/\/beawichreif.com\/?product=gespenst-schwarz-mit-blauen-sprenkeln-nr-2#primaryimage\",\"url\":\"https:\/\/beawichreif.com\/wp-content\/uploads\/2022\/09\/Gespenst_schwarz_blaue_Sprenkel_2_front.jpg\",\"contentUrl\":\"https:\/\/beawichreif.com\/wp-content\/uploads\/2022\/09\/Gespenst_schwarz_blaue_Sprenkel_2_front.jpg\",\"width\":1128,\"height\":1128},{\"@type\":\"BreadcrumbList\",\"@id\":\"https:\/\/beawichreif.com\/?product=gespenst-schwarz-mit-blauen-sprenkeln-nr-2#breadcrumb\",\"itemListElement\":[{\"@type\":\"ListItem\",\"position\":1,\"name\":\"Startseite\",\"item\":\"https:\/\/beawichreif.com\/\"},{\"@type\":\"ListItem\",\"position\":2,\"name\":\"Porzellan Design Shop. Gespenster und mehr\",\"item\":\"https:\/\/beawichreif.com\/\"},{\"@type\":\"ListItem\",\"position\":3,\"name\":\"Gespenst schwarz mit rosa Sprenkeln (die wie graue Sprenkel scheinen)\"}]},{\"@type\":\"WebSite\",\"@id\":\"https:\/\/beawichreif.com\/#website\",\"url\":\"https:\/\/beawichreif.com\/\",\"name\":\"Beate Wich-Reif Industrial Designer\",\"description\":\"Porzellan-Objekte\",\"potentialAction\":[{\"@type\":\"SearchAction\",\"target\":{\"@type\":\"EntryPoint\",\"urlTemplate\":\"https:\/\/beawichreif.com\/?s={search_term_string}\"},\"query-input\":{\"@type\":\"PropertyValueSpecification\",\"valueRequired\":true,\"valueName\":\"search_term_string\"}}],\"inLanguage\":\"de\"}]}<\/script>\n<!-- \/ Yoast SEO plugin. -->","yoast_head_json":{"title":"Gespenst schwarz mit rosa Sprenkeln (die wie graue Sprenkel scheinen) - Beate Wich-Reif Industrial Designer","robots":{"index":"index","follow":"follow","max-snippet":"max-snippet:-1","max-image-preview":"max-image-preview:large","max-video-preview":"max-video-preview:-1"},"canonical":"https:\/\/beawichreif.com\/?product=gespenst-schwarz-mit-blauen-sprenkeln-nr-2","og_locale":"de_DE","og_type":"article","og_title":"Gespenst schwarz mit rosa Sprenkeln (die wie graue Sprenkel scheinen) - Beate Wich-Reif Industrial Designer","og_description":"Beschreibung Klares Design, Handwerk \u201cMade in Germany\u201d und ein Konzept mit Augenzwinkern. Das kleine Gespenst vereint sympathisch diese drei Aspekte und macht als Stimmungslicht, R\u00e4ucherm\u00e4nnchen oder Dekoobjekt eine gute Figur. Der ca. 10 cm hohe Porzellangeist wurde im Frankenwald handgegossen, gebrannt, schwarz glasiert und im Anschluss in einem weiteren Schritt mit Glasurspritzern in dunkelrosa veredelt [&hellip;]","og_url":"https:\/\/beawichreif.com\/?product=gespenst-schwarz-mit-blauen-sprenkeln-nr-2","og_site_name":"Beate Wich-Reif Industrial Designer","article_modified_time":"2022-09-12T06:46:50+00:00","og_image":[{"width":1128,"height":1128,"url":"https:\/\/beawichreif.com\/wp-content\/uploads\/2022\/09\/Gespenst_schwarz_blaue_Sprenkel_2_front.jpg","type":"image\/jpeg"}],"twitter_card":"summary_large_image","twitter_misc":{"Gesch\u00e4tzte Lesezeit":"1\u00a0Minute"},"schema":{"@context":"https:\/\/schema.org","@graph":[{"@type":"WebPage","@id":"https:\/\/beawichreif.com\/?product=gespenst-schwarz-mit-blauen-sprenkeln-nr-2","url":"https:\/\/beawichreif.com\/?product=gespenst-schwarz-mit-blauen-sprenkeln-nr-2","name":"Gespenst schwarz mit rosa Sprenkeln (die wie graue Sprenkel scheinen) - Beate Wich-Reif Industrial Designer","isPartOf":{"@id":"https:\/\/beawichreif.com\/#website"},"primaryImageOfPage":{"@id":"https:\/\/beawichreif.com\/?product=gespenst-schwarz-mit-blauen-sprenkeln-nr-2#primaryimage"},"image":{"@id":"https:\/\/beawichreif.com\/?product=gespenst-schwarz-mit-blauen-sprenkeln-nr-2#primaryimage"},"thumbnailUrl":"https:\/\/beawichreif.com\/wp-content\/uploads\/2022\/09\/Gespenst_schwarz_blaue_Sprenkel_2_front.jpg","datePublished":"2022-09-10T07:54:34+00:00","dateModified":"2022-09-12T06:46:50+00:00","breadcrumb":{"@id":"https:\/\/beawichreif.com\/?product=gespenst-schwarz-mit-blauen-sprenkeln-nr-2#breadcrumb"},"inLanguage":"de","potentialAction":[{"@type":"ReadAction","target":["https:\/\/beawichreif.com\/?product=gespenst-schwarz-mit-blauen-sprenkeln-nr-2"]}]},{"@type":"ImageObject","inLanguage":"de","@id":"https:\/\/beawichreif.com\/?product=gespenst-schwarz-mit-blauen-sprenkeln-nr-2#primaryimage","url":"https:\/\/beawichreif.com\/wp-content\/uploads\/2022\/09\/Gespenst_schwarz_blaue_Sprenkel_2_front.jpg","contentUrl":"https:\/\/beawichreif.com\/wp-content\/uploads\/2022\/09\/Gespenst_schwarz_blaue_Sprenkel_2_front.jpg","width":1128,"height":1128},{"@type":"BreadcrumbList","@id":"https:\/\/beawichreif.com\/?product=gespenst-schwarz-mit-blauen-sprenkeln-nr-2#breadcrumb","itemListElement":[{"@type":"ListItem","position":1,"name":"Startseite","item":"https:\/\/beawichreif.com\/"},{"@type":"ListItem","position":2,"name":"Porzellan Design Shop. Gespenster und mehr","item":"https:\/\/beawichreif.com\/"},{"@type":"ListItem","position":3,"name":"Gespenst schwarz mit rosa Sprenkeln (die wie graue Sprenkel scheinen)"}]},{"@type":"WebSite","@id":"https:\/\/beawichreif.com\/#website","url":"https:\/\/beawichreif.com\/","name":"Beate Wich-Reif Industrial Designer","description":"Porzellan-Objekte","potentialAction":[{"@type":"SearchAction","target":{"@type":"EntryPoint","urlTemplate":"https:\/\/beawichreif.com\/?s={search_term_string}"},"query-input":{"@type":"PropertyValueSpecification","valueRequired":true,"valueName":"search_term_string"}}],"inLanguage":"de"}]}},"_links":{"self":[{"href":"https:\/\/beawichreif.com\/index.php?rest_route=\/wp\/v2\/product\/2079","targetHints":{"allow":["GET"]}}],"collection":[{"href":"https:\/\/beawichreif.com\/index.php?rest_route=\/wp\/v2\/product"}],"about":[{"href":"https:\/\/beawichreif.com\/index.php?rest_route=\/wp\/v2\/types\/product"}],"version-history":[{"count":3,"href":"https:\/\/beawichreif.com\/index.php?rest_route=\/wp\/v2\/product\/2079\/revisions"}],"predecessor-version":[{"id":2121,"href":"https:\/\/beawichreif.com\/index.php?rest_route=\/wp\/v2\/product\/2079\/revisions\/2121"}],"wp:featuredmedia":[{"embeddable":true,"href":"https:\/\/beawichreif.com\/index.php?rest_route=\/wp\/v2\/media\/2081"}],"wp:attachment":[{"href":"https:\/\/beawichreif.com\/index.php?rest_route=%2Fwp%2Fv2%2Fmedia&parent=2079"}],"wp:term":[{"taxonomy":"product_brand","embeddable":true,"href":"https:\/\/beawichreif.com\/index.php?rest_route=%2Fwp%2Fv2%2Fproduct_brand&post=2079"},{"taxonomy":"product_cat","embeddable":true,"href":"https:\/\/beawichreif.com\/index.php?rest_route=%2Fwp%2Fv2%2Fproduct_cat&post=2079"},{"taxonomy":"product_tag","embeddable":true,"href":"https:\/\/beawichreif.com\/index.php?rest_route=%2Fwp%2Fv2%2Fproduct_tag&post=2079"}],"curies":[{"name":"wp","href":"https:\/\/api.w.org\/{rel}","templated":true}]}}