{"id":2059,"date":"2022-09-07T17:48:11","date_gmt":"2022-09-07T17:48:11","guid":{"rendered":"https:\/\/beawichreif.com\/?post_type=product&#038;p=2059"},"modified":"2022-09-10T08:27:04","modified_gmt":"2022-09-10T08:27:04","slug":"graffiti-gespenst-nr-1","status":"publish","type":"product","link":"https:\/\/beawichreif.com\/?product=graffiti-gespenst-nr-1","title":{"rendered":"Graffiti Gespenst Nr. 1"},"content":{"rendered":"<p>Klares Design, Handwerk &#8222;Made in Germany&#8220; und ein Konzept mit Augenzwinkern. Das kleine Gespenst vereint sympathisch diese drei Aspekte und macht als Stimmungslicht, R\u00e4ucherm\u00e4nnchen oder Dekoobjekt eine gute Figur.<\/p>\n<p>Der ca. 10 cm hohe Porzellangeist wurde im Frankenwald handgegossen, gebrannt und im Anschluss mit Graffiti-Glasur veredelt und ein weiteres Mal gebrannt. Die wei\u00dfen Fl\u00e4chen sind glasurfrei und etwas rauher, wie eine Wand &#8211; die farbig gespr\u00fchten Glasurfl\u00e4chen gl\u00e4nzen und sind glatter.<\/p>\n<p>Das Gespenst kommt mit LED-Licht und ist sofort f\u00fcr den Einsatz bereit.<\/p>\n<p>Leider liefern sowohl mein Handy, als auch meine Kamera keine farbgetreuen Fotos. Das Blau erscheint zum Beispiel dunkler und kr\u00e4ftiger als in der Realit\u00e4t. Bitte beachtet, dass die Farben unbeabsichtigt etwas abweichen (k\u00f6nnen) &#8211; abgesehen von der unterschiedlichen Farbdarstellung auf verschiedenen Bildschirmen. Die Form der Spr\u00fchfarben ist genau wie auf den Bildern.<\/p>\n<p>&#8230;&#8230;&#8230;&#8230;&#8230;&#8230;&#8230;&#8230;&#8230;&#8230;&#8230;&#8230;&#8230;&#8230;&#8230;&#8230;&#8230;&#8230;&#8230;&#8230;&#8230;&#8230;&#8230;&#8230;&#8230;&#8230;&#8230;&#8230;&#8230;&#8230;&#8230;&#8230;&#8230;&#8230;&#8230;&#8230;&#8230;&#8230;&#8230;&#8230;&#8230;&#8230;&#8230;&#8230;&#8230;&#8230;&#8230;&#8230;&#8230;&#8230;&#8230;&#8230;&#8230;&#8230;&#8230;&#8230;&#8230;&#8230;<\/p>\n<p>Handmade porcelain ghost bisquit with glossy glazed graffiti. One of a kind.<\/p>\n<p>If you are living outside of Germany, drop me a message and we will find out the cheapest way to send it to your country.<\/p>\n","protected":false},"excerpt":{"rendered":"<p>Klares Design, Handwerk &#8222;Made in Germany&#8220; und ein Konzept mit Augenzwinkern. Das kleine Gespenst vereint sympathisch diese drei Aspekte und macht als Stimmungslicht, R\u00e4ucherm\u00e4nnchen oder Dekoobjekt eine gute Figur. Der ca. 10 cm hohe Porzellangeist wurde im Frankenwald handgegossen, gebrannt und im Anschluss mit Graffiti-Glasur veredelt und ein weiteres Mal gebrannt. Die wei\u00dfen Fl\u00e4chen sind [&hellip;]<\/p>\n","protected":false},"featured_media":2097,"template":"","meta":{"ocean_post_layout":"","ocean_both_sidebars_style":"","ocean_both_sidebars_content_width":0,"ocean_both_sidebars_sidebars_width":0,"ocean_sidebar":"0","ocean_second_sidebar":"0","ocean_disable_margins":"enable","ocean_add_body_class":"","ocean_shortcode_before_top_bar":"","ocean_shortcode_after_top_bar":"","ocean_shortcode_before_header":"","ocean_shortcode_after_header":"","ocean_has_shortcode":"","ocean_shortcode_after_title":"","ocean_shortcode_before_footer_widgets":"","ocean_shortcode_after_footer_widgets":"","ocean_shortcode_before_footer_bottom":"","ocean_shortcode_after_footer_bottom":"","ocean_display_top_bar":"default","ocean_display_header":"default","ocean_header_style":"","ocean_center_header_left_menu":"0","ocean_custom_header_template":"0","ocean_custom_logo":0,"ocean_custom_retina_logo":0,"ocean_custom_logo_max_width":0,"ocean_custom_logo_tablet_max_width":0,"ocean_custom_logo_mobile_max_width":0,"ocean_custom_logo_max_height":0,"ocean_custom_logo_tablet_max_height":0,"ocean_custom_logo_mobile_max_height":0,"ocean_header_custom_menu":"0","ocean_menu_typo_font_family":"0","ocean_menu_typo_font_subset":"","ocean_menu_typo_font_size":0,"ocean_menu_typo_font_size_tablet":0,"ocean_menu_typo_font_size_mobile":0,"ocean_menu_typo_font_size_unit":"px","ocean_menu_typo_font_weight":"","ocean_menu_typo_font_weight_tablet":"","ocean_menu_typo_font_weight_mobile":"","ocean_menu_typo_transform":"","ocean_menu_typo_transform_tablet":"","ocean_menu_typo_transform_mobile":"","ocean_menu_typo_line_height":0,"ocean_menu_typo_line_height_tablet":0,"ocean_menu_typo_line_height_mobile":0,"ocean_menu_typo_line_height_unit":"","ocean_menu_typo_spacing":0,"ocean_menu_typo_spacing_tablet":0,"ocean_menu_typo_spacing_mobile":0,"ocean_menu_typo_spacing_unit":"","ocean_menu_link_color":"","ocean_menu_link_color_hover":"","ocean_menu_link_color_active":"","ocean_menu_link_background":"","ocean_menu_link_hover_background":"","ocean_menu_link_active_background":"","ocean_menu_social_links_bg":"","ocean_menu_social_hover_links_bg":"","ocean_menu_social_links_color":"","ocean_menu_social_hover_links_color":"","ocean_disable_title":"default","ocean_disable_heading":"default","ocean_post_title":"","ocean_post_subheading":"","ocean_post_title_style":"","ocean_post_title_background_color":"","ocean_post_title_background":0,"ocean_post_title_bg_image_position":"","ocean_post_title_bg_image_attachment":"","ocean_post_title_bg_image_repeat":"","ocean_post_title_bg_image_size":"","ocean_post_title_height":0,"ocean_post_title_bg_overlay":0.5,"ocean_post_title_bg_overlay_color":"","ocean_disable_breadcrumbs":"default","ocean_breadcrumbs_color":"","ocean_breadcrumbs_separator_color":"","ocean_breadcrumbs_links_color":"","ocean_breadcrumbs_links_hover_color":"","ocean_display_footer_widgets":"default","ocean_display_footer_bottom":"default","ocean_custom_footer_template":"0"},"product_brand":[],"product_cat":[46],"product_tag":[40,96],"class_list":{"0":"post-2059","1":"product","2":"type-product","3":"status-publish","4":"has-post-thumbnail","6":"product_cat-gespenster-ghosts","7":"product_tag-ghost","8":"product_tag-graffiti","10":"entry","11":"has-media","13":"first","14":"instock","15":"shipping-taxable","16":"purchasable","17":"product-type-simple","18":"has-product-nav","19":"col","20":"span_1_of_3","21":"owp-content-center","22":"owp-thumbs-layout-horizontal","23":"owp-btn-normal","24":"owp-tabs-layout-horizontal"},"yoast_head":"<!-- This site is optimized with the Yoast SEO plugin v26.9 - https:\/\/yoast.com\/product\/yoast-seo-wordpress\/ -->\n<title>Graffiti Gespenst Nr. 1 - Beate Wich-Reif Industrial Designer<\/title>\n<meta name=\"robots\" content=\"index, follow, max-snippet:-1, max-image-preview:large, max-video-preview:-1\" \/>\n<link rel=\"canonical\" href=\"https:\/\/beawichreif.com\/?product=graffiti-gespenst-nr-1\" \/>\n<meta property=\"og:locale\" content=\"de_DE\" \/>\n<meta property=\"og:type\" content=\"article\" \/>\n<meta property=\"og:title\" content=\"Graffiti Gespenst Nr. 1 - Beate Wich-Reif Industrial Designer\" \/>\n<meta property=\"og:description\" content=\"Klares Design, Handwerk &#8222;Made in Germany&#8220; und ein Konzept mit Augenzwinkern. Das kleine Gespenst vereint sympathisch diese drei Aspekte und macht als Stimmungslicht, R\u00e4ucherm\u00e4nnchen oder Dekoobjekt eine gute Figur. Der ca. 10 cm hohe Porzellangeist wurde im Frankenwald handgegossen, gebrannt und im Anschluss mit Graffiti-Glasur veredelt und ein weiteres Mal gebrannt. Die wei\u00dfen Fl\u00e4chen sind [&hellip;]\" \/>\n<meta property=\"og:url\" content=\"https:\/\/beawichreif.com\/?product=graffiti-gespenst-nr-1\" \/>\n<meta property=\"og:site_name\" content=\"Beate Wich-Reif Industrial Designer\" \/>\n<meta property=\"article:modified_time\" content=\"2022-09-10T08:27:04+00:00\" \/>\n<meta property=\"og:image\" content=\"https:\/\/beawichreif.com\/wp-content\/uploads\/2022\/09\/Gespenst_Graffiti_1_beawichreif_front_b.jpg\" \/>\n\t<meta property=\"og:image:width\" content=\"800\" \/>\n\t<meta property=\"og:image:height\" content=\"800\" \/>\n\t<meta property=\"og:image:type\" content=\"image\/jpeg\" \/>\n<meta name=\"twitter:card\" content=\"summary_large_image\" \/>\n<meta name=\"twitter:label1\" content=\"Gesch\u00e4tzte Lesezeit\" \/>\n\t<meta name=\"twitter:data1\" content=\"1\u00a0Minute\" \/>\n<script type=\"application\/ld+json\" class=\"yoast-schema-graph\">{\"@context\":\"https:\/\/schema.org\",\"@graph\":[{\"@type\":\"WebPage\",\"@id\":\"https:\/\/beawichreif.com\/?product=graffiti-gespenst-nr-1\",\"url\":\"https:\/\/beawichreif.com\/?product=graffiti-gespenst-nr-1\",\"name\":\"Graffiti Gespenst Nr. 1 - Beate Wich-Reif Industrial Designer\",\"isPartOf\":{\"@id\":\"https:\/\/beawichreif.com\/#website\"},\"primaryImageOfPage\":{\"@id\":\"https:\/\/beawichreif.com\/?product=graffiti-gespenst-nr-1#primaryimage\"},\"image\":{\"@id\":\"https:\/\/beawichreif.com\/?product=graffiti-gespenst-nr-1#primaryimage\"},\"thumbnailUrl\":\"https:\/\/beawichreif.com\/wp-content\/uploads\/2022\/09\/Gespenst_Graffiti_1_beawichreif_front_b.jpg\",\"datePublished\":\"2022-09-07T17:48:11+00:00\",\"dateModified\":\"2022-09-10T08:27:04+00:00\",\"breadcrumb\":{\"@id\":\"https:\/\/beawichreif.com\/?product=graffiti-gespenst-nr-1#breadcrumb\"},\"inLanguage\":\"de\",\"potentialAction\":[{\"@type\":\"ReadAction\",\"target\":[\"https:\/\/beawichreif.com\/?product=graffiti-gespenst-nr-1\"]}]},{\"@type\":\"ImageObject\",\"inLanguage\":\"de\",\"@id\":\"https:\/\/beawichreif.com\/?product=graffiti-gespenst-nr-1#primaryimage\",\"url\":\"https:\/\/beawichreif.com\/wp-content\/uploads\/2022\/09\/Gespenst_Graffiti_1_beawichreif_front_b.jpg\",\"contentUrl\":\"https:\/\/beawichreif.com\/wp-content\/uploads\/2022\/09\/Gespenst_Graffiti_1_beawichreif_front_b.jpg\",\"width\":800,\"height\":800},{\"@type\":\"BreadcrumbList\",\"@id\":\"https:\/\/beawichreif.com\/?product=graffiti-gespenst-nr-1#breadcrumb\",\"itemListElement\":[{\"@type\":\"ListItem\",\"position\":1,\"name\":\"Startseite\",\"item\":\"https:\/\/beawichreif.com\/\"},{\"@type\":\"ListItem\",\"position\":2,\"name\":\"Porzellan Design Shop. Gespenster und mehr\",\"item\":\"https:\/\/beawichreif.com\/\"},{\"@type\":\"ListItem\",\"position\":3,\"name\":\"Graffiti Gespenst Nr. 1\"}]},{\"@type\":\"WebSite\",\"@id\":\"https:\/\/beawichreif.com\/#website\",\"url\":\"https:\/\/beawichreif.com\/\",\"name\":\"Beate Wich-Reif Industrial Designer\",\"description\":\"Porzellan-Objekte\",\"potentialAction\":[{\"@type\":\"SearchAction\",\"target\":{\"@type\":\"EntryPoint\",\"urlTemplate\":\"https:\/\/beawichreif.com\/?s={search_term_string}\"},\"query-input\":{\"@type\":\"PropertyValueSpecification\",\"valueRequired\":true,\"valueName\":\"search_term_string\"}}],\"inLanguage\":\"de\"}]}<\/script>\n<!-- \/ Yoast SEO plugin. -->","yoast_head_json":{"title":"Graffiti Gespenst Nr. 1 - Beate Wich-Reif Industrial Designer","robots":{"index":"index","follow":"follow","max-snippet":"max-snippet:-1","max-image-preview":"max-image-preview:large","max-video-preview":"max-video-preview:-1"},"canonical":"https:\/\/beawichreif.com\/?product=graffiti-gespenst-nr-1","og_locale":"de_DE","og_type":"article","og_title":"Graffiti Gespenst Nr. 1 - Beate Wich-Reif Industrial Designer","og_description":"Klares Design, Handwerk &#8222;Made in Germany&#8220; und ein Konzept mit Augenzwinkern. Das kleine Gespenst vereint sympathisch diese drei Aspekte und macht als Stimmungslicht, R\u00e4ucherm\u00e4nnchen oder Dekoobjekt eine gute Figur. Der ca. 10 cm hohe Porzellangeist wurde im Frankenwald handgegossen, gebrannt und im Anschluss mit Graffiti-Glasur veredelt und ein weiteres Mal gebrannt. Die wei\u00dfen Fl\u00e4chen sind [&hellip;]","og_url":"https:\/\/beawichreif.com\/?product=graffiti-gespenst-nr-1","og_site_name":"Beate Wich-Reif Industrial Designer","article_modified_time":"2022-09-10T08:27:04+00:00","og_image":[{"width":800,"height":800,"url":"https:\/\/beawichreif.com\/wp-content\/uploads\/2022\/09\/Gespenst_Graffiti_1_beawichreif_front_b.jpg","type":"image\/jpeg"}],"twitter_card":"summary_large_image","twitter_misc":{"Gesch\u00e4tzte Lesezeit":"1\u00a0Minute"},"schema":{"@context":"https:\/\/schema.org","@graph":[{"@type":"WebPage","@id":"https:\/\/beawichreif.com\/?product=graffiti-gespenst-nr-1","url":"https:\/\/beawichreif.com\/?product=graffiti-gespenst-nr-1","name":"Graffiti Gespenst Nr. 1 - Beate Wich-Reif Industrial Designer","isPartOf":{"@id":"https:\/\/beawichreif.com\/#website"},"primaryImageOfPage":{"@id":"https:\/\/beawichreif.com\/?product=graffiti-gespenst-nr-1#primaryimage"},"image":{"@id":"https:\/\/beawichreif.com\/?product=graffiti-gespenst-nr-1#primaryimage"},"thumbnailUrl":"https:\/\/beawichreif.com\/wp-content\/uploads\/2022\/09\/Gespenst_Graffiti_1_beawichreif_front_b.jpg","datePublished":"2022-09-07T17:48:11+00:00","dateModified":"2022-09-10T08:27:04+00:00","breadcrumb":{"@id":"https:\/\/beawichreif.com\/?product=graffiti-gespenst-nr-1#breadcrumb"},"inLanguage":"de","potentialAction":[{"@type":"ReadAction","target":["https:\/\/beawichreif.com\/?product=graffiti-gespenst-nr-1"]}]},{"@type":"ImageObject","inLanguage":"de","@id":"https:\/\/beawichreif.com\/?product=graffiti-gespenst-nr-1#primaryimage","url":"https:\/\/beawichreif.com\/wp-content\/uploads\/2022\/09\/Gespenst_Graffiti_1_beawichreif_front_b.jpg","contentUrl":"https:\/\/beawichreif.com\/wp-content\/uploads\/2022\/09\/Gespenst_Graffiti_1_beawichreif_front_b.jpg","width":800,"height":800},{"@type":"BreadcrumbList","@id":"https:\/\/beawichreif.com\/?product=graffiti-gespenst-nr-1#breadcrumb","itemListElement":[{"@type":"ListItem","position":1,"name":"Startseite","item":"https:\/\/beawichreif.com\/"},{"@type":"ListItem","position":2,"name":"Porzellan Design Shop. Gespenster und mehr","item":"https:\/\/beawichreif.com\/"},{"@type":"ListItem","position":3,"name":"Graffiti Gespenst Nr. 1"}]},{"@type":"WebSite","@id":"https:\/\/beawichreif.com\/#website","url":"https:\/\/beawichreif.com\/","name":"Beate Wich-Reif Industrial Designer","description":"Porzellan-Objekte","potentialAction":[{"@type":"SearchAction","target":{"@type":"EntryPoint","urlTemplate":"https:\/\/beawichreif.com\/?s={search_term_string}"},"query-input":{"@type":"PropertyValueSpecification","valueRequired":true,"valueName":"search_term_string"}}],"inLanguage":"de"}]}},"_links":{"self":[{"href":"https:\/\/beawichreif.com\/index.php?rest_route=\/wp\/v2\/product\/2059","targetHints":{"allow":["GET"]}}],"collection":[{"href":"https:\/\/beawichreif.com\/index.php?rest_route=\/wp\/v2\/product"}],"about":[{"href":"https:\/\/beawichreif.com\/index.php?rest_route=\/wp\/v2\/types\/product"}],"version-history":[{"count":6,"href":"https:\/\/beawichreif.com\/index.php?rest_route=\/wp\/v2\/product\/2059\/revisions"}],"predecessor-version":[{"id":2102,"href":"https:\/\/beawichreif.com\/index.php?rest_route=\/wp\/v2\/product\/2059\/revisions\/2102"}],"wp:featuredmedia":[{"embeddable":true,"href":"https:\/\/beawichreif.com\/index.php?rest_route=\/wp\/v2\/media\/2097"}],"wp:attachment":[{"href":"https:\/\/beawichreif.com\/index.php?rest_route=%2Fwp%2Fv2%2Fmedia&parent=2059"}],"wp:term":[{"taxonomy":"product_brand","embeddable":true,"href":"https:\/\/beawichreif.com\/index.php?rest_route=%2Fwp%2Fv2%2Fproduct_brand&post=2059"},{"taxonomy":"product_cat","embeddable":true,"href":"https:\/\/beawichreif.com\/index.php?rest_route=%2Fwp%2Fv2%2Fproduct_cat&post=2059"},{"taxonomy":"product_tag","embeddable":true,"href":"https:\/\/beawichreif.com\/index.php?rest_route=%2Fwp%2Fv2%2Fproduct_tag&post=2059"}],"curies":[{"name":"wp","href":"https:\/\/api.w.org\/{rel}","templated":true}]}}