{"id":1972,"date":"2022-07-11T11:25:07","date_gmt":"2022-07-11T11:25:07","guid":{"rendered":"https:\/\/beawichreif.com\/?post_type=product&#038;p=1972"},"modified":"2022-07-11T11:25:07","modified_gmt":"2022-07-11T11:25:07","slug":"becher-vase-mit-mintgruenem-netz-021","status":"publish","type":"product","link":"https:\/\/beawichreif.com\/?product=becher-vase-mit-mintgruenem-netz-021","title":{"rendered":"Becher \/\/ Vase mit mintgr\u00fcnem Netz 021"},"content":{"rendered":"<p>Klassische Form trifft Veredelungs-Unikat.<\/p>\n<p>Gefertigt aus hochwertigem Porzellan \u201eMade in Franken\u201c sammelt diese kleine Vase Schreibzeug im Home Office, h\u00e4lt Zahnb\u00fcrsten im Badezimmer oder versorgt Schnittblumen mit Wasser. Sie kann auch als Trinkgef\u00e4\u00df genutzt werden.<\/p>\n<p>Die ca. 9,5 cm hohe Vase wurde in Handarbeit gegossen und in einem aufwendigen Glasurverfahren veredelt.<\/p>\n<p>Die Vase hat ein mintfarbenes Netz auf transparent glasiertem Untergrund. Das Glasurmuster ist einzigartig und nicht nachahmbar. Es handelt sich um ein schwer herzustellendes Unikat.<\/p>\n<p>Die Blumen dienen ausschlie\u00dflich zu Demonstrationszwecken. Ihr erwerbt nur die Vase.<\/p>\n<p>Die Vase ist sp\u00fclmaschinenfest.<\/p>\n","protected":false},"excerpt":{"rendered":"<p>Klassische Form trifft Veredelungs-Unikat. Gefertigt aus hochwertigem Porzellan \u201eMade in Franken\u201c sammelt diese kleine Vase Schreibzeug im Home Office, h\u00e4lt Zahnb\u00fcrsten im Badezimmer oder versorgt Schnittblumen mit Wasser. Sie kann auch als Trinkgef\u00e4\u00df genutzt werden. Die ca. 9,5 cm hohe Vase wurde in Handarbeit gegossen und in einem aufwendigen Glasurverfahren veredelt. Die Vase hat ein [&hellip;]<\/p>\n","protected":false},"featured_media":1975,"template":"","meta":{"ocean_post_layout":"","ocean_both_sidebars_style":"","ocean_both_sidebars_content_width":0,"ocean_both_sidebars_sidebars_width":0,"ocean_sidebar":"0","ocean_second_sidebar":"0","ocean_disable_margins":"enable","ocean_add_body_class":"","ocean_shortcode_before_top_bar":"","ocean_shortcode_after_top_bar":"","ocean_shortcode_before_header":"","ocean_shortcode_after_header":"","ocean_has_shortcode":"","ocean_shortcode_after_title":"","ocean_shortcode_before_footer_widgets":"","ocean_shortcode_after_footer_widgets":"","ocean_shortcode_before_footer_bottom":"","ocean_shortcode_after_footer_bottom":"","ocean_display_top_bar":"default","ocean_display_header":"default","ocean_header_style":"","ocean_center_header_left_menu":"0","ocean_custom_header_template":"0","ocean_custom_logo":0,"ocean_custom_retina_logo":0,"ocean_custom_logo_max_width":0,"ocean_custom_logo_tablet_max_width":0,"ocean_custom_logo_mobile_max_width":0,"ocean_custom_logo_max_height":0,"ocean_custom_logo_tablet_max_height":0,"ocean_custom_logo_mobile_max_height":0,"ocean_header_custom_menu":"0","ocean_menu_typo_font_family":"0","ocean_menu_typo_font_subset":"","ocean_menu_typo_font_size":0,"ocean_menu_typo_font_size_tablet":0,"ocean_menu_typo_font_size_mobile":0,"ocean_menu_typo_font_size_unit":"px","ocean_menu_typo_font_weight":"","ocean_menu_typo_font_weight_tablet":"","ocean_menu_typo_font_weight_mobile":"","ocean_menu_typo_transform":"","ocean_menu_typo_transform_tablet":"","ocean_menu_typo_transform_mobile":"","ocean_menu_typo_line_height":0,"ocean_menu_typo_line_height_tablet":0,"ocean_menu_typo_line_height_mobile":0,"ocean_menu_typo_line_height_unit":"","ocean_menu_typo_spacing":0,"ocean_menu_typo_spacing_tablet":0,"ocean_menu_typo_spacing_mobile":0,"ocean_menu_typo_spacing_unit":"","ocean_menu_link_color":"","ocean_menu_link_color_hover":"","ocean_menu_link_color_active":"","ocean_menu_link_background":"","ocean_menu_link_hover_background":"","ocean_menu_link_active_background":"","ocean_menu_social_links_bg":"","ocean_menu_social_hover_links_bg":"","ocean_menu_social_links_color":"","ocean_menu_social_hover_links_color":"","ocean_disable_title":"default","ocean_disable_heading":"default","ocean_post_title":"","ocean_post_subheading":"","ocean_post_title_style":"","ocean_post_title_background_color":"","ocean_post_title_background":0,"ocean_post_title_bg_image_position":"","ocean_post_title_bg_image_attachment":"","ocean_post_title_bg_image_repeat":"","ocean_post_title_bg_image_size":"","ocean_post_title_height":0,"ocean_post_title_bg_overlay":0.5,"ocean_post_title_bg_overlay_color":"","ocean_disable_breadcrumbs":"default","ocean_breadcrumbs_color":"","ocean_breadcrumbs_separator_color":"","ocean_breadcrumbs_links_color":"","ocean_breadcrumbs_links_hover_color":"","ocean_display_footer_widgets":"default","ocean_display_footer_bottom":"default","ocean_custom_footer_template":"0"},"product_brand":[],"product_cat":[51],"product_tag":[],"class_list":{"0":"post-1972","1":"product","2":"type-product","3":"status-publish","4":"has-post-thumbnail","6":"product_cat-becher-vase","8":"entry","9":"has-media","11":"first","12":"instock","13":"shipping-taxable","14":"purchasable","15":"product-type-simple","16":"has-product-nav","17":"col","18":"span_1_of_3","19":"owp-content-center","20":"owp-thumbs-layout-horizontal","21":"owp-btn-normal","22":"owp-tabs-layout-horizontal"},"yoast_head":"<!-- This site is optimized with the Yoast SEO plugin v26.9 - https:\/\/yoast.com\/product\/yoast-seo-wordpress\/ -->\n<title>Becher \/\/ Vase mit mintgr\u00fcnem Netz 021 - Beate Wich-Reif Industrial Designer<\/title>\n<meta name=\"robots\" content=\"index, follow, max-snippet:-1, max-image-preview:large, max-video-preview:-1\" \/>\n<link rel=\"canonical\" href=\"https:\/\/beawichreif.com\/?product=becher-vase-mit-mintgruenem-netz-021\" \/>\n<meta property=\"og:locale\" content=\"de_DE\" \/>\n<meta property=\"og:type\" content=\"article\" \/>\n<meta property=\"og:title\" content=\"Becher \/\/ Vase mit mintgr\u00fcnem Netz 021 - Beate Wich-Reif Industrial Designer\" \/>\n<meta property=\"og:description\" content=\"Klassische Form trifft Veredelungs-Unikat. Gefertigt aus hochwertigem Porzellan \u201eMade in Franken\u201c sammelt diese kleine Vase Schreibzeug im Home Office, h\u00e4lt Zahnb\u00fcrsten im Badezimmer oder versorgt Schnittblumen mit Wasser. Sie kann auch als Trinkgef\u00e4\u00df genutzt werden. Die ca. 9,5 cm hohe Vase wurde in Handarbeit gegossen und in einem aufwendigen Glasurverfahren veredelt. Die Vase hat ein [&hellip;]\" \/>\n<meta property=\"og:url\" content=\"https:\/\/beawichreif.com\/?product=becher-vase-mit-mintgruenem-netz-021\" \/>\n<meta property=\"og:site_name\" content=\"Beate Wich-Reif Industrial Designer\" \/>\n<meta property=\"og:image\" content=\"https:\/\/beawichreif.com\/wp-content\/uploads\/2022\/07\/Becher_Vase_B_mint_Netz_2.jpg\" \/>\n\t<meta property=\"og:image:width\" content=\"800\" \/>\n\t<meta property=\"og:image:height\" content=\"800\" \/>\n\t<meta property=\"og:image:type\" content=\"image\/jpeg\" \/>\n<meta name=\"twitter:card\" content=\"summary_large_image\" \/>\n<script type=\"application\/ld+json\" class=\"yoast-schema-graph\">{\"@context\":\"https:\/\/schema.org\",\"@graph\":[{\"@type\":\"WebPage\",\"@id\":\"https:\/\/beawichreif.com\/?product=becher-vase-mit-mintgruenem-netz-021\",\"url\":\"https:\/\/beawichreif.com\/?product=becher-vase-mit-mintgruenem-netz-021\",\"name\":\"Becher \/\/ Vase mit mintgr\u00fcnem Netz 021 - Beate Wich-Reif Industrial Designer\",\"isPartOf\":{\"@id\":\"https:\/\/beawichreif.com\/#website\"},\"primaryImageOfPage\":{\"@id\":\"https:\/\/beawichreif.com\/?product=becher-vase-mit-mintgruenem-netz-021#primaryimage\"},\"image\":{\"@id\":\"https:\/\/beawichreif.com\/?product=becher-vase-mit-mintgruenem-netz-021#primaryimage\"},\"thumbnailUrl\":\"https:\/\/beawichreif.com\/wp-content\/uploads\/2022\/07\/Becher_Vase_B_mint_Netz_2.jpg\",\"datePublished\":\"2022-07-11T11:25:07+00:00\",\"breadcrumb\":{\"@id\":\"https:\/\/beawichreif.com\/?product=becher-vase-mit-mintgruenem-netz-021#breadcrumb\"},\"inLanguage\":\"de\",\"potentialAction\":[{\"@type\":\"ReadAction\",\"target\":[\"https:\/\/beawichreif.com\/?product=becher-vase-mit-mintgruenem-netz-021\"]}]},{\"@type\":\"ImageObject\",\"inLanguage\":\"de\",\"@id\":\"https:\/\/beawichreif.com\/?product=becher-vase-mit-mintgruenem-netz-021#primaryimage\",\"url\":\"https:\/\/beawichreif.com\/wp-content\/uploads\/2022\/07\/Becher_Vase_B_mint_Netz_2.jpg\",\"contentUrl\":\"https:\/\/beawichreif.com\/wp-content\/uploads\/2022\/07\/Becher_Vase_B_mint_Netz_2.jpg\",\"width\":800,\"height\":800},{\"@type\":\"BreadcrumbList\",\"@id\":\"https:\/\/beawichreif.com\/?product=becher-vase-mit-mintgruenem-netz-021#breadcrumb\",\"itemListElement\":[{\"@type\":\"ListItem\",\"position\":1,\"name\":\"Startseite\",\"item\":\"https:\/\/beawichreif.com\/\"},{\"@type\":\"ListItem\",\"position\":2,\"name\":\"Porzellan Design Shop. Gespenster und mehr\",\"item\":\"https:\/\/beawichreif.com\/\"},{\"@type\":\"ListItem\",\"position\":3,\"name\":\"Becher \/\/ Vase mit mintgr\u00fcnem Netz 021\"}]},{\"@type\":\"WebSite\",\"@id\":\"https:\/\/beawichreif.com\/#website\",\"url\":\"https:\/\/beawichreif.com\/\",\"name\":\"Beate Wich-Reif Industrial Designer\",\"description\":\"Porzellan-Objekte\",\"potentialAction\":[{\"@type\":\"SearchAction\",\"target\":{\"@type\":\"EntryPoint\",\"urlTemplate\":\"https:\/\/beawichreif.com\/?s={search_term_string}\"},\"query-input\":{\"@type\":\"PropertyValueSpecification\",\"valueRequired\":true,\"valueName\":\"search_term_string\"}}],\"inLanguage\":\"de\"}]}<\/script>\n<!-- \/ Yoast SEO plugin. -->","yoast_head_json":{"title":"Becher \/\/ Vase mit mintgr\u00fcnem Netz 021 - Beate Wich-Reif Industrial Designer","robots":{"index":"index","follow":"follow","max-snippet":"max-snippet:-1","max-image-preview":"max-image-preview:large","max-video-preview":"max-video-preview:-1"},"canonical":"https:\/\/beawichreif.com\/?product=becher-vase-mit-mintgruenem-netz-021","og_locale":"de_DE","og_type":"article","og_title":"Becher \/\/ Vase mit mintgr\u00fcnem Netz 021 - Beate Wich-Reif Industrial Designer","og_description":"Klassische Form trifft Veredelungs-Unikat. Gefertigt aus hochwertigem Porzellan \u201eMade in Franken\u201c sammelt diese kleine Vase Schreibzeug im Home Office, h\u00e4lt Zahnb\u00fcrsten im Badezimmer oder versorgt Schnittblumen mit Wasser. Sie kann auch als Trinkgef\u00e4\u00df genutzt werden. Die ca. 9,5 cm hohe Vase wurde in Handarbeit gegossen und in einem aufwendigen Glasurverfahren veredelt. Die Vase hat ein [&hellip;]","og_url":"https:\/\/beawichreif.com\/?product=becher-vase-mit-mintgruenem-netz-021","og_site_name":"Beate Wich-Reif Industrial Designer","og_image":[{"width":800,"height":800,"url":"https:\/\/beawichreif.com\/wp-content\/uploads\/2022\/07\/Becher_Vase_B_mint_Netz_2.jpg","type":"image\/jpeg"}],"twitter_card":"summary_large_image","schema":{"@context":"https:\/\/schema.org","@graph":[{"@type":"WebPage","@id":"https:\/\/beawichreif.com\/?product=becher-vase-mit-mintgruenem-netz-021","url":"https:\/\/beawichreif.com\/?product=becher-vase-mit-mintgruenem-netz-021","name":"Becher \/\/ Vase mit mintgr\u00fcnem Netz 021 - Beate Wich-Reif Industrial Designer","isPartOf":{"@id":"https:\/\/beawichreif.com\/#website"},"primaryImageOfPage":{"@id":"https:\/\/beawichreif.com\/?product=becher-vase-mit-mintgruenem-netz-021#primaryimage"},"image":{"@id":"https:\/\/beawichreif.com\/?product=becher-vase-mit-mintgruenem-netz-021#primaryimage"},"thumbnailUrl":"https:\/\/beawichreif.com\/wp-content\/uploads\/2022\/07\/Becher_Vase_B_mint_Netz_2.jpg","datePublished":"2022-07-11T11:25:07+00:00","breadcrumb":{"@id":"https:\/\/beawichreif.com\/?product=becher-vase-mit-mintgruenem-netz-021#breadcrumb"},"inLanguage":"de","potentialAction":[{"@type":"ReadAction","target":["https:\/\/beawichreif.com\/?product=becher-vase-mit-mintgruenem-netz-021"]}]},{"@type":"ImageObject","inLanguage":"de","@id":"https:\/\/beawichreif.com\/?product=becher-vase-mit-mintgruenem-netz-021#primaryimage","url":"https:\/\/beawichreif.com\/wp-content\/uploads\/2022\/07\/Becher_Vase_B_mint_Netz_2.jpg","contentUrl":"https:\/\/beawichreif.com\/wp-content\/uploads\/2022\/07\/Becher_Vase_B_mint_Netz_2.jpg","width":800,"height":800},{"@type":"BreadcrumbList","@id":"https:\/\/beawichreif.com\/?product=becher-vase-mit-mintgruenem-netz-021#breadcrumb","itemListElement":[{"@type":"ListItem","position":1,"name":"Startseite","item":"https:\/\/beawichreif.com\/"},{"@type":"ListItem","position":2,"name":"Porzellan Design Shop. Gespenster und mehr","item":"https:\/\/beawichreif.com\/"},{"@type":"ListItem","position":3,"name":"Becher \/\/ Vase mit mintgr\u00fcnem Netz 021"}]},{"@type":"WebSite","@id":"https:\/\/beawichreif.com\/#website","url":"https:\/\/beawichreif.com\/","name":"Beate Wich-Reif Industrial Designer","description":"Porzellan-Objekte","potentialAction":[{"@type":"SearchAction","target":{"@type":"EntryPoint","urlTemplate":"https:\/\/beawichreif.com\/?s={search_term_string}"},"query-input":{"@type":"PropertyValueSpecification","valueRequired":true,"valueName":"search_term_string"}}],"inLanguage":"de"}]}},"_links":{"self":[{"href":"https:\/\/beawichreif.com\/index.php?rest_route=\/wp\/v2\/product\/1972","targetHints":{"allow":["GET"]}}],"collection":[{"href":"https:\/\/beawichreif.com\/index.php?rest_route=\/wp\/v2\/product"}],"about":[{"href":"https:\/\/beawichreif.com\/index.php?rest_route=\/wp\/v2\/types\/product"}],"version-history":[{"count":1,"href":"https:\/\/beawichreif.com\/index.php?rest_route=\/wp\/v2\/product\/1972\/revisions"}],"predecessor-version":[{"id":1978,"href":"https:\/\/beawichreif.com\/index.php?rest_route=\/wp\/v2\/product\/1972\/revisions\/1978"}],"wp:featuredmedia":[{"embeddable":true,"href":"https:\/\/beawichreif.com\/index.php?rest_route=\/wp\/v2\/media\/1975"}],"wp:attachment":[{"href":"https:\/\/beawichreif.com\/index.php?rest_route=%2Fwp%2Fv2%2Fmedia&parent=1972"}],"wp:term":[{"taxonomy":"product_brand","embeddable":true,"href":"https:\/\/beawichreif.com\/index.php?rest_route=%2Fwp%2Fv2%2Fproduct_brand&post=1972"},{"taxonomy":"product_cat","embeddable":true,"href":"https:\/\/beawichreif.com\/index.php?rest_route=%2Fwp%2Fv2%2Fproduct_cat&post=1972"},{"taxonomy":"product_tag","embeddable":true,"href":"https:\/\/beawichreif.com\/index.php?rest_route=%2Fwp%2Fv2%2Fproduct_tag&post=1972"}],"curies":[{"name":"wp","href":"https:\/\/api.w.org\/{rel}","templated":true}]}}