{"id":1811,"date":"2022-03-20T17:22:40","date_gmt":"2022-03-20T17:22:40","guid":{"rendered":"https:\/\/beawichreif.com\/?post_type=product&#038;p=1811"},"modified":"2025-09-24T19:03:59","modified_gmt":"2025-09-24T19:03:59","slug":"gespenst-stracciatella-blue-2022-limitiert","status":"publish","type":"product","link":"https:\/\/beawichreif.com\/?product=gespenst-stracciatella-blue-2022-limitiert","title":{"rendered":"Gespenst Stracciatella blue 2022 *** limitiert"},"content":{"rendered":"<p>Klares Design, Handwerk &#8222;Made in Germany&#8220; und ein Konzept mit Augenzwinkern. Das kleine Gespenst vereint sympathisch diese drei Aspekte und macht als Stimmungslicht, R\u00e4ucherm\u00e4nnchen oder Dekoobjekt eine gute Figur.<\/p>\n<p>Der ca. 10 cm hohe Porzellangeist wurde im Frankenwald handgegossen, gebrannt, transparent glasiert und im Anschluss in einem weiteren Schritt mit Glasurspritzern in mittelblau veredelt und erneut gebrannt. Somit ist das Gespenst sogar sp\u00fclmaschinenfest.<\/p>\n<p>Die Abbildung kann vom gelieferten Produkt abweichen, da jedes Gespenst unterschiedlich gesprenkelt und nicht nachbildbar ist. Jedes ist ein Unikat.<\/p>\n<p><span style=\"color: #333399;\">Die neue Serie &#8222;Stracciatella blue 2022&#8220; umfasst 14 blau gesprenkelte Gespenster.<\/span><\/p>\n<p>Jedes einzelne kommt mit einem nummerierten Serie-K\u00e4rtchen und einem LED-Teelicht und ist so sofort zum Einsatz bereit.<\/p>\n<p>Falls ihr echte Teelichter benutzt, stellt das Ganze bitte auf eine feuerfeste Unterlage au\u00dfer Reichweite von Kindern und Tieren. Ich empfehle vor dem Wechseln des Teelichts, das Gespenst am besten abk\u00fchlen zu lassen und wenn ihr ein abgebranntes Licht schnell tauschen wollt, dann bitte nur am Fu\u00df des Gespensts anzufassen, sonst besteht die Gefahr, dass ihr euch die Finger verbrennt.<\/p>\n<p>&#8230;&#8230;&#8230;&#8230;&#8230;&#8230;&#8230;&#8230;&#8230;&#8230;&#8230;&#8230;&#8230;&#8230;&#8230;&#8230;&#8230;&#8230;&#8230;&#8230;&#8230;&#8230;&#8230;&#8230;&#8230;&#8230;&#8230;&#8230;&#8230;&#8230;&#8230;&#8230;&#8230;&#8230;&#8230;&#8230;&#8230;&#8230;&#8230;&#8230;&#8230;&#8230;&#8230;&#8230;&#8230;&#8230;&#8230;&#8230;&#8230;&#8230;&#8230;&#8230;&#8230;&#8230;&#8230;&#8230;&#8230;&#8230;&#8230;&#8230;&#8230;&#8230;&#8230;&#8230;&#8230;&#8230;&#8230;&#8230;&#8230;&#8230;&#8230;&#8230;&#8230;&#8230;&#8230;&#8230;&#8230;&#8230;&#8230;&#8230;&#8230;&#8230;&#8230;&#8230;&#8230;&#8230;&#8230;&#8230;&#8230;&#8230;&#8230;&#8230;&#8230;&#8230;&#8230;&#8230;&#8230;&#8230;&#8230;&#8230;&#8230;&#8230;&#8230;&#8230;&#8230;&#8230;&#8230;&#8230;&#8230;&#8230;&#8230;&#8230;&#8230;&#8230;&#8230;&#8230;&#8230;&#8230;&#8230;&#8230;&#8230;&#8230;&#8230;&#8230;&#8230;&#8230;&#8230;.<\/p>\n<p>Handmade porcelain ghost with transparent glaze with speckles in blue, about 10cm tall. Every ghost is one of a kind and will be delivered with numbered card and led tealight.<\/p>\n<p>If you are living outside of Germany, drop me a message and we will find out the cheapest way to send it to your country.<\/p>\n","protected":false},"excerpt":{"rendered":"<p>Klares Design, Handwerk &#8222;Made in Germany&#8220; und ein Konzept mit Augenzwinkern. Das kleine Gespenst vereint sympathisch diese drei Aspekte und macht als Stimmungslicht, R\u00e4ucherm\u00e4nnchen oder Dekoobjekt eine gute Figur. Der ca. 10 cm hohe Porzellangeist wurde im Frankenwald handgegossen, gebrannt, transparent glasiert und im Anschluss in einem weiteren Schritt mit Glasurspritzern in mittelblau veredelt und [&hellip;]<\/p>\n","protected":false},"featured_media":1812,"template":"","meta":{"ocean_post_layout":"","ocean_both_sidebars_style":"","ocean_both_sidebars_content_width":0,"ocean_both_sidebars_sidebars_width":0,"ocean_sidebar":"0","ocean_second_sidebar":"0","ocean_disable_margins":"enable","ocean_add_body_class":"","ocean_shortcode_before_top_bar":"","ocean_shortcode_after_top_bar":"","ocean_shortcode_before_header":"","ocean_shortcode_after_header":"","ocean_has_shortcode":"","ocean_shortcode_after_title":"","ocean_shortcode_before_footer_widgets":"","ocean_shortcode_after_footer_widgets":"","ocean_shortcode_before_footer_bottom":"","ocean_shortcode_after_footer_bottom":"","ocean_display_top_bar":"default","ocean_display_header":"default","ocean_header_style":"","ocean_center_header_left_menu":"0","ocean_custom_header_template":"0","ocean_custom_logo":0,"ocean_custom_retina_logo":0,"ocean_custom_logo_max_width":0,"ocean_custom_logo_tablet_max_width":0,"ocean_custom_logo_mobile_max_width":0,"ocean_custom_logo_max_height":0,"ocean_custom_logo_tablet_max_height":0,"ocean_custom_logo_mobile_max_height":0,"ocean_header_custom_menu":"0","ocean_menu_typo_font_family":"0","ocean_menu_typo_font_subset":"","ocean_menu_typo_font_size":0,"ocean_menu_typo_font_size_tablet":0,"ocean_menu_typo_font_size_mobile":0,"ocean_menu_typo_font_size_unit":"px","ocean_menu_typo_font_weight":"","ocean_menu_typo_font_weight_tablet":"","ocean_menu_typo_font_weight_mobile":"","ocean_menu_typo_transform":"","ocean_menu_typo_transform_tablet":"","ocean_menu_typo_transform_mobile":"","ocean_menu_typo_line_height":0,"ocean_menu_typo_line_height_tablet":0,"ocean_menu_typo_line_height_mobile":0,"ocean_menu_typo_line_height_unit":"","ocean_menu_typo_spacing":0,"ocean_menu_typo_spacing_tablet":0,"ocean_menu_typo_spacing_mobile":0,"ocean_menu_typo_spacing_unit":"","ocean_menu_link_color":"","ocean_menu_link_color_hover":"","ocean_menu_link_color_active":"","ocean_menu_link_background":"","ocean_menu_link_hover_background":"","ocean_menu_link_active_background":"","ocean_menu_social_links_bg":"","ocean_menu_social_hover_links_bg":"","ocean_menu_social_links_color":"","ocean_menu_social_hover_links_color":"","ocean_disable_title":"default","ocean_disable_heading":"default","ocean_post_title":"","ocean_post_subheading":"","ocean_post_title_style":"","ocean_post_title_background_color":"","ocean_post_title_background":0,"ocean_post_title_bg_image_position":"","ocean_post_title_bg_image_attachment":"","ocean_post_title_bg_image_repeat":"","ocean_post_title_bg_image_size":"","ocean_post_title_height":0,"ocean_post_title_bg_overlay":0.5,"ocean_post_title_bg_overlay_color":"","ocean_disable_breadcrumbs":"default","ocean_breadcrumbs_color":"","ocean_breadcrumbs_separator_color":"","ocean_breadcrumbs_links_color":"","ocean_breadcrumbs_links_hover_color":"","ocean_display_footer_widgets":"default","ocean_display_footer_bottom":"default","ocean_custom_footer_template":"0"},"product_brand":[],"product_cat":[46],"product_tag":[],"class_list":{"0":"post-1811","1":"product","2":"type-product","3":"status-publish","4":"has-post-thumbnail","6":"product_cat-gespenster-ghosts","8":"entry","9":"has-media","11":"first","12":"instock","13":"shipping-taxable","14":"purchasable","15":"product-type-simple","16":"has-product-nav","17":"col","18":"span_1_of_3","19":"owp-content-center","20":"owp-thumbs-layout-horizontal","21":"owp-btn-normal","22":"owp-tabs-layout-horizontal"},"yoast_head":"<!-- This site is optimized with the Yoast SEO plugin v26.9 - https:\/\/yoast.com\/product\/yoast-seo-wordpress\/ -->\n<title>Gespenst Stracciatella blue 2022 *** limitiert - Beate Wich-Reif Industrial Designer<\/title>\n<meta name=\"robots\" content=\"index, follow, max-snippet:-1, max-image-preview:large, max-video-preview:-1\" \/>\n<link rel=\"canonical\" href=\"https:\/\/beawichreif.com\/?product=gespenst-stracciatella-blue-2022-limitiert\" \/>\n<meta property=\"og:locale\" content=\"de_DE\" \/>\n<meta property=\"og:type\" content=\"article\" \/>\n<meta property=\"og:title\" content=\"Gespenst Stracciatella blue 2022 *** limitiert - Beate Wich-Reif Industrial Designer\" \/>\n<meta property=\"og:description\" content=\"Klares Design, Handwerk &#8222;Made in Germany&#8220; und ein Konzept mit Augenzwinkern. Das kleine Gespenst vereint sympathisch diese drei Aspekte und macht als Stimmungslicht, R\u00e4ucherm\u00e4nnchen oder Dekoobjekt eine gute Figur. Der ca. 10 cm hohe Porzellangeist wurde im Frankenwald handgegossen, gebrannt, transparent glasiert und im Anschluss in einem weiteren Schritt mit Glasurspritzern in mittelblau veredelt und [&hellip;]\" \/>\n<meta property=\"og:url\" content=\"https:\/\/beawichreif.com\/?product=gespenst-stracciatella-blue-2022-limitiert\" \/>\n<meta property=\"og:site_name\" content=\"Beate Wich-Reif Industrial Designer\" \/>\n<meta property=\"article:modified_time\" content=\"2025-09-24T19:03:59+00:00\" \/>\n<meta property=\"og:image\" content=\"https:\/\/beawichreif.com\/wp-content\/uploads\/2022\/03\/geist_beawichreif_stracciatella_blue_2022.jpg\" \/>\n\t<meta property=\"og:image:width\" content=\"900\" \/>\n\t<meta property=\"og:image:height\" content=\"800\" \/>\n\t<meta property=\"og:image:type\" content=\"image\/jpeg\" \/>\n<meta name=\"twitter:card\" content=\"summary_large_image\" \/>\n<meta name=\"twitter:label1\" content=\"Gesch\u00e4tzte Lesezeit\" \/>\n\t<meta name=\"twitter:data1\" content=\"1\u00a0Minute\" \/>\n<script type=\"application\/ld+json\" class=\"yoast-schema-graph\">{\"@context\":\"https:\/\/schema.org\",\"@graph\":[{\"@type\":\"WebPage\",\"@id\":\"https:\/\/beawichreif.com\/?product=gespenst-stracciatella-blue-2022-limitiert\",\"url\":\"https:\/\/beawichreif.com\/?product=gespenst-stracciatella-blue-2022-limitiert\",\"name\":\"Gespenst Stracciatella blue 2022 *** limitiert - Beate Wich-Reif Industrial Designer\",\"isPartOf\":{\"@id\":\"https:\/\/beawichreif.com\/#website\"},\"primaryImageOfPage\":{\"@id\":\"https:\/\/beawichreif.com\/?product=gespenst-stracciatella-blue-2022-limitiert#primaryimage\"},\"image\":{\"@id\":\"https:\/\/beawichreif.com\/?product=gespenst-stracciatella-blue-2022-limitiert#primaryimage\"},\"thumbnailUrl\":\"https:\/\/beawichreif.com\/wp-content\/uploads\/2022\/03\/geist_beawichreif_stracciatella_blue_2022.jpg\",\"datePublished\":\"2022-03-20T17:22:40+00:00\",\"dateModified\":\"2025-09-24T19:03:59+00:00\",\"breadcrumb\":{\"@id\":\"https:\/\/beawichreif.com\/?product=gespenst-stracciatella-blue-2022-limitiert#breadcrumb\"},\"inLanguage\":\"de\",\"potentialAction\":[{\"@type\":\"ReadAction\",\"target\":[\"https:\/\/beawichreif.com\/?product=gespenst-stracciatella-blue-2022-limitiert\"]}]},{\"@type\":\"ImageObject\",\"inLanguage\":\"de\",\"@id\":\"https:\/\/beawichreif.com\/?product=gespenst-stracciatella-blue-2022-limitiert#primaryimage\",\"url\":\"https:\/\/beawichreif.com\/wp-content\/uploads\/2022\/03\/geist_beawichreif_stracciatella_blue_2022.jpg\",\"contentUrl\":\"https:\/\/beawichreif.com\/wp-content\/uploads\/2022\/03\/geist_beawichreif_stracciatella_blue_2022.jpg\",\"width\":900,\"height\":800},{\"@type\":\"BreadcrumbList\",\"@id\":\"https:\/\/beawichreif.com\/?product=gespenst-stracciatella-blue-2022-limitiert#breadcrumb\",\"itemListElement\":[{\"@type\":\"ListItem\",\"position\":1,\"name\":\"Startseite\",\"item\":\"https:\/\/beawichreif.com\/\"},{\"@type\":\"ListItem\",\"position\":2,\"name\":\"Porzellan Design Shop. Gespenster und mehr\",\"item\":\"https:\/\/beawichreif.com\/\"},{\"@type\":\"ListItem\",\"position\":3,\"name\":\"Gespenst Stracciatella blue 2022 *** limitiert\"}]},{\"@type\":\"WebSite\",\"@id\":\"https:\/\/beawichreif.com\/#website\",\"url\":\"https:\/\/beawichreif.com\/\",\"name\":\"Beate Wich-Reif Industrial Designer\",\"description\":\"Porzellan-Objekte\",\"potentialAction\":[{\"@type\":\"SearchAction\",\"target\":{\"@type\":\"EntryPoint\",\"urlTemplate\":\"https:\/\/beawichreif.com\/?s={search_term_string}\"},\"query-input\":{\"@type\":\"PropertyValueSpecification\",\"valueRequired\":true,\"valueName\":\"search_term_string\"}}],\"inLanguage\":\"de\"}]}<\/script>\n<!-- \/ Yoast SEO plugin. -->","yoast_head_json":{"title":"Gespenst Stracciatella blue 2022 *** limitiert - Beate Wich-Reif Industrial Designer","robots":{"index":"index","follow":"follow","max-snippet":"max-snippet:-1","max-image-preview":"max-image-preview:large","max-video-preview":"max-video-preview:-1"},"canonical":"https:\/\/beawichreif.com\/?product=gespenst-stracciatella-blue-2022-limitiert","og_locale":"de_DE","og_type":"article","og_title":"Gespenst Stracciatella blue 2022 *** limitiert - Beate Wich-Reif Industrial Designer","og_description":"Klares Design, Handwerk &#8222;Made in Germany&#8220; und ein Konzept mit Augenzwinkern. Das kleine Gespenst vereint sympathisch diese drei Aspekte und macht als Stimmungslicht, R\u00e4ucherm\u00e4nnchen oder Dekoobjekt eine gute Figur. Der ca. 10 cm hohe Porzellangeist wurde im Frankenwald handgegossen, gebrannt, transparent glasiert und im Anschluss in einem weiteren Schritt mit Glasurspritzern in mittelblau veredelt und [&hellip;]","og_url":"https:\/\/beawichreif.com\/?product=gespenst-stracciatella-blue-2022-limitiert","og_site_name":"Beate Wich-Reif Industrial Designer","article_modified_time":"2025-09-24T19:03:59+00:00","og_image":[{"width":900,"height":800,"url":"https:\/\/beawichreif.com\/wp-content\/uploads\/2022\/03\/geist_beawichreif_stracciatella_blue_2022.jpg","type":"image\/jpeg"}],"twitter_card":"summary_large_image","twitter_misc":{"Gesch\u00e4tzte Lesezeit":"1\u00a0Minute"},"schema":{"@context":"https:\/\/schema.org","@graph":[{"@type":"WebPage","@id":"https:\/\/beawichreif.com\/?product=gespenst-stracciatella-blue-2022-limitiert","url":"https:\/\/beawichreif.com\/?product=gespenst-stracciatella-blue-2022-limitiert","name":"Gespenst Stracciatella blue 2022 *** limitiert - Beate Wich-Reif Industrial Designer","isPartOf":{"@id":"https:\/\/beawichreif.com\/#website"},"primaryImageOfPage":{"@id":"https:\/\/beawichreif.com\/?product=gespenst-stracciatella-blue-2022-limitiert#primaryimage"},"image":{"@id":"https:\/\/beawichreif.com\/?product=gespenst-stracciatella-blue-2022-limitiert#primaryimage"},"thumbnailUrl":"https:\/\/beawichreif.com\/wp-content\/uploads\/2022\/03\/geist_beawichreif_stracciatella_blue_2022.jpg","datePublished":"2022-03-20T17:22:40+00:00","dateModified":"2025-09-24T19:03:59+00:00","breadcrumb":{"@id":"https:\/\/beawichreif.com\/?product=gespenst-stracciatella-blue-2022-limitiert#breadcrumb"},"inLanguage":"de","potentialAction":[{"@type":"ReadAction","target":["https:\/\/beawichreif.com\/?product=gespenst-stracciatella-blue-2022-limitiert"]}]},{"@type":"ImageObject","inLanguage":"de","@id":"https:\/\/beawichreif.com\/?product=gespenst-stracciatella-blue-2022-limitiert#primaryimage","url":"https:\/\/beawichreif.com\/wp-content\/uploads\/2022\/03\/geist_beawichreif_stracciatella_blue_2022.jpg","contentUrl":"https:\/\/beawichreif.com\/wp-content\/uploads\/2022\/03\/geist_beawichreif_stracciatella_blue_2022.jpg","width":900,"height":800},{"@type":"BreadcrumbList","@id":"https:\/\/beawichreif.com\/?product=gespenst-stracciatella-blue-2022-limitiert#breadcrumb","itemListElement":[{"@type":"ListItem","position":1,"name":"Startseite","item":"https:\/\/beawichreif.com\/"},{"@type":"ListItem","position":2,"name":"Porzellan Design Shop. Gespenster und mehr","item":"https:\/\/beawichreif.com\/"},{"@type":"ListItem","position":3,"name":"Gespenst Stracciatella blue 2022 *** limitiert"}]},{"@type":"WebSite","@id":"https:\/\/beawichreif.com\/#website","url":"https:\/\/beawichreif.com\/","name":"Beate Wich-Reif Industrial Designer","description":"Porzellan-Objekte","potentialAction":[{"@type":"SearchAction","target":{"@type":"EntryPoint","urlTemplate":"https:\/\/beawichreif.com\/?s={search_term_string}"},"query-input":{"@type":"PropertyValueSpecification","valueRequired":true,"valueName":"search_term_string"}}],"inLanguage":"de"}]}},"_links":{"self":[{"href":"https:\/\/beawichreif.com\/index.php?rest_route=\/wp\/v2\/product\/1811","targetHints":{"allow":["GET"]}}],"collection":[{"href":"https:\/\/beawichreif.com\/index.php?rest_route=\/wp\/v2\/product"}],"about":[{"href":"https:\/\/beawichreif.com\/index.php?rest_route=\/wp\/v2\/types\/product"}],"version-history":[{"count":3,"href":"https:\/\/beawichreif.com\/index.php?rest_route=\/wp\/v2\/product\/1811\/revisions"}],"predecessor-version":[{"id":1823,"href":"https:\/\/beawichreif.com\/index.php?rest_route=\/wp\/v2\/product\/1811\/revisions\/1823"}],"wp:featuredmedia":[{"embeddable":true,"href":"https:\/\/beawichreif.com\/index.php?rest_route=\/wp\/v2\/media\/1812"}],"wp:attachment":[{"href":"https:\/\/beawichreif.com\/index.php?rest_route=%2Fwp%2Fv2%2Fmedia&parent=1811"}],"wp:term":[{"taxonomy":"product_brand","embeddable":true,"href":"https:\/\/beawichreif.com\/index.php?rest_route=%2Fwp%2Fv2%2Fproduct_brand&post=1811"},{"taxonomy":"product_cat","embeddable":true,"href":"https:\/\/beawichreif.com\/index.php?rest_route=%2Fwp%2Fv2%2Fproduct_cat&post=1811"},{"taxonomy":"product_tag","embeddable":true,"href":"https:\/\/beawichreif.com\/index.php?rest_route=%2Fwp%2Fv2%2Fproduct_tag&post=1811"}],"curies":[{"name":"wp","href":"https:\/\/api.w.org\/{rel}","templated":true}]}}