{"id":1222,"date":"2021-12-19T04:41:37","date_gmt":"2021-12-19T04:41:37","guid":{"rendered":"https:\/\/beawichreif.com\/?post_type=product&#038;p=1222"},"modified":"2022-02-04T13:46:54","modified_gmt":"2022-02-04T13:46:54","slug":"becher-kleine-vase-mit-eisblauem-glasur-muster-celeste","status":"publish","type":"product","link":"https:\/\/beawichreif.com\/?product=becher-kleine-vase-mit-eisblauem-glasur-muster-celeste","title":{"rendered":"Becher \/\/ kleine Vase mit eisblauem Glasur-Muster &#8211; Celeste"},"content":{"rendered":"<p>Klassische Form trifft Veredelungs-Unikat.<\/p>\n<p>Gefertigt aus hochwertigem Porzellan \u201eMade in Franken\u201c sammelt diese kleine Vase Schreibzeug im Home Office, h\u00e4lt Zahnb\u00fcrsten im Badezimmer oder versorgt Schnittblumen mit Wasser. Sie kann auch als Trinkgef\u00e4\u00df genutzt werden.<\/p>\n<p>Die ca. 9,5 cm hohe Vase wurde in Handarbeit gegossen und mit eisblauer Glasur veredelt. Es handelt sich um ein nicht reproduzierbares Einzelst\u00fcck.<\/p>\n<p>Das Produkt ist sp\u00fclmaschinenfest.<\/p>\n<p>Die Blumen dienen nur zur Veranschaulichung. Sie kaufen nur die Vase.<\/p>\n","protected":false},"excerpt":{"rendered":"<p>Klassische Form trifft Veredelungs-Unikat. Gefertigt aus hochwertigem Porzellan \u201eMade in Franken\u201c sammelt diese kleine Vase Schreibzeug im Home Office, h\u00e4lt Zahnb\u00fcrsten im Badezimmer oder versorgt Schnittblumen mit Wasser. Sie kann auch als Trinkgef\u00e4\u00df genutzt werden. Die ca. 9,5 cm hohe Vase wurde in Handarbeit gegossen und mit eisblauer Glasur veredelt. Es handelt sich um ein [&hellip;]<\/p>\n","protected":false},"featured_media":1223,"template":"","meta":{"ocean_post_layout":"","ocean_both_sidebars_style":"","ocean_both_sidebars_content_width":0,"ocean_both_sidebars_sidebars_width":0,"ocean_sidebar":"","ocean_second_sidebar":"","ocean_disable_margins":"enable","ocean_add_body_class":"","ocean_shortcode_before_top_bar":"","ocean_shortcode_after_top_bar":"","ocean_shortcode_before_header":"","ocean_shortcode_after_header":"","ocean_has_shortcode":"","ocean_shortcode_after_title":"","ocean_shortcode_before_footer_widgets":"","ocean_shortcode_after_footer_widgets":"","ocean_shortcode_before_footer_bottom":"","ocean_shortcode_after_footer_bottom":"","ocean_display_top_bar":"default","ocean_display_header":"default","ocean_header_style":"","ocean_center_header_left_menu":"","ocean_custom_header_template":"","ocean_custom_logo":0,"ocean_custom_retina_logo":0,"ocean_custom_logo_max_width":0,"ocean_custom_logo_tablet_max_width":0,"ocean_custom_logo_mobile_max_width":0,"ocean_custom_logo_max_height":0,"ocean_custom_logo_tablet_max_height":0,"ocean_custom_logo_mobile_max_height":0,"ocean_header_custom_menu":"","ocean_menu_typo_font_family":"","ocean_menu_typo_font_subset":"","ocean_menu_typo_font_size":0,"ocean_menu_typo_font_size_tablet":0,"ocean_menu_typo_font_size_mobile":0,"ocean_menu_typo_font_size_unit":"px","ocean_menu_typo_font_weight":"","ocean_menu_typo_font_weight_tablet":"","ocean_menu_typo_font_weight_mobile":"","ocean_menu_typo_transform":"","ocean_menu_typo_transform_tablet":"","ocean_menu_typo_transform_mobile":"","ocean_menu_typo_line_height":0,"ocean_menu_typo_line_height_tablet":0,"ocean_menu_typo_line_height_mobile":0,"ocean_menu_typo_line_height_unit":"","ocean_menu_typo_spacing":0,"ocean_menu_typo_spacing_tablet":0,"ocean_menu_typo_spacing_mobile":0,"ocean_menu_typo_spacing_unit":"","ocean_menu_link_color":"","ocean_menu_link_color_hover":"","ocean_menu_link_color_active":"","ocean_menu_link_background":"","ocean_menu_link_hover_background":"","ocean_menu_link_active_background":"","ocean_menu_social_links_bg":"","ocean_menu_social_hover_links_bg":"","ocean_menu_social_links_color":"","ocean_menu_social_hover_links_color":"","ocean_disable_title":"default","ocean_disable_heading":"default","ocean_post_title":"","ocean_post_subheading":"","ocean_post_title_style":"","ocean_post_title_background_color":"","ocean_post_title_background":0,"ocean_post_title_bg_image_position":"","ocean_post_title_bg_image_attachment":"","ocean_post_title_bg_image_repeat":"","ocean_post_title_bg_image_size":"","ocean_post_title_height":0,"ocean_post_title_bg_overlay":0.5,"ocean_post_title_bg_overlay_color":"","ocean_disable_breadcrumbs":"default","ocean_breadcrumbs_color":"","ocean_breadcrumbs_separator_color":"","ocean_breadcrumbs_links_color":"","ocean_breadcrumbs_links_hover_color":"","ocean_display_footer_widgets":"default","ocean_display_footer_bottom":"default","ocean_custom_footer_template":""},"product_brand":[],"product_cat":[51],"product_tag":[],"class_list":{"0":"post-1222","1":"product","2":"type-product","3":"status-publish","4":"has-post-thumbnail","6":"product_cat-becher-vase","8":"entry","9":"has-media","11":"first","12":"instock","13":"shipping-taxable","14":"purchasable","15":"product-type-simple","16":"has-product-nav","17":"col","18":"span_1_of_3","19":"owp-content-center","20":"owp-thumbs-layout-horizontal","21":"owp-btn-normal","22":"owp-tabs-layout-horizontal"},"yoast_head":"<!-- This site is optimized with the Yoast SEO plugin v26.9 - https:\/\/yoast.com\/product\/yoast-seo-wordpress\/ -->\n<title>Becher \/\/ kleine Vase mit eisblauem Glasur-Muster - Celeste - Beate Wich-Reif Industrial Designer<\/title>\n<meta name=\"robots\" content=\"index, follow, max-snippet:-1, max-image-preview:large, max-video-preview:-1\" \/>\n<link rel=\"canonical\" href=\"https:\/\/beawichreif.com\/?product=becher-kleine-vase-mit-eisblauem-glasur-muster-celeste\" \/>\n<meta property=\"og:locale\" content=\"de_DE\" \/>\n<meta property=\"og:type\" content=\"article\" \/>\n<meta property=\"og:title\" content=\"Becher \/\/ kleine Vase mit eisblauem Glasur-Muster - Celeste - Beate Wich-Reif Industrial Designer\" \/>\n<meta property=\"og:description\" content=\"Klassische Form trifft Veredelungs-Unikat. Gefertigt aus hochwertigem Porzellan \u201eMade in Franken\u201c sammelt diese kleine Vase Schreibzeug im Home Office, h\u00e4lt Zahnb\u00fcrsten im Badezimmer oder versorgt Schnittblumen mit Wasser. Sie kann auch als Trinkgef\u00e4\u00df genutzt werden. Die ca. 9,5 cm hohe Vase wurde in Handarbeit gegossen und mit eisblauer Glasur veredelt. Es handelt sich um ein [&hellip;]\" \/>\n<meta property=\"og:url\" content=\"https:\/\/beawichreif.com\/?product=becher-kleine-vase-mit-eisblauem-glasur-muster-celeste\" \/>\n<meta property=\"og:site_name\" content=\"Beate Wich-Reif Industrial Designer\" \/>\n<meta property=\"article:modified_time\" content=\"2022-02-04T13:46:54+00:00\" \/>\n<meta property=\"og:image\" content=\"https:\/\/beawichreif.com\/wp-content\/uploads\/2021\/12\/becher_vase_beawichreif_celeste.jpg\" \/>\n\t<meta property=\"og:image:width\" content=\"800\" \/>\n\t<meta property=\"og:image:height\" content=\"800\" \/>\n\t<meta property=\"og:image:type\" content=\"image\/jpeg\" \/>\n<meta name=\"twitter:card\" content=\"summary_large_image\" \/>\n<script type=\"application\/ld+json\" class=\"yoast-schema-graph\">{\"@context\":\"https:\/\/schema.org\",\"@graph\":[{\"@type\":\"WebPage\",\"@id\":\"https:\/\/beawichreif.com\/?product=becher-kleine-vase-mit-eisblauem-glasur-muster-celeste\",\"url\":\"https:\/\/beawichreif.com\/?product=becher-kleine-vase-mit-eisblauem-glasur-muster-celeste\",\"name\":\"Becher \/\/ kleine Vase mit eisblauem Glasur-Muster - Celeste - Beate Wich-Reif Industrial Designer\",\"isPartOf\":{\"@id\":\"https:\/\/beawichreif.com\/#website\"},\"primaryImageOfPage\":{\"@id\":\"https:\/\/beawichreif.com\/?product=becher-kleine-vase-mit-eisblauem-glasur-muster-celeste#primaryimage\"},\"image\":{\"@id\":\"https:\/\/beawichreif.com\/?product=becher-kleine-vase-mit-eisblauem-glasur-muster-celeste#primaryimage\"},\"thumbnailUrl\":\"https:\/\/beawichreif.com\/wp-content\/uploads\/2021\/12\/becher_vase_beawichreif_celeste.jpg\",\"datePublished\":\"2021-12-19T04:41:37+00:00\",\"dateModified\":\"2022-02-04T13:46:54+00:00\",\"breadcrumb\":{\"@id\":\"https:\/\/beawichreif.com\/?product=becher-kleine-vase-mit-eisblauem-glasur-muster-celeste#breadcrumb\"},\"inLanguage\":\"de\",\"potentialAction\":[{\"@type\":\"ReadAction\",\"target\":[\"https:\/\/beawichreif.com\/?product=becher-kleine-vase-mit-eisblauem-glasur-muster-celeste\"]}]},{\"@type\":\"ImageObject\",\"inLanguage\":\"de\",\"@id\":\"https:\/\/beawichreif.com\/?product=becher-kleine-vase-mit-eisblauem-glasur-muster-celeste#primaryimage\",\"url\":\"https:\/\/beawichreif.com\/wp-content\/uploads\/2021\/12\/becher_vase_beawichreif_celeste.jpg\",\"contentUrl\":\"https:\/\/beawichreif.com\/wp-content\/uploads\/2021\/12\/becher_vase_beawichreif_celeste.jpg\",\"width\":800,\"height\":800},{\"@type\":\"BreadcrumbList\",\"@id\":\"https:\/\/beawichreif.com\/?product=becher-kleine-vase-mit-eisblauem-glasur-muster-celeste#breadcrumb\",\"itemListElement\":[{\"@type\":\"ListItem\",\"position\":1,\"name\":\"Startseite\",\"item\":\"https:\/\/beawichreif.com\/\"},{\"@type\":\"ListItem\",\"position\":2,\"name\":\"Porzellan Design Shop. Gespenster und mehr\",\"item\":\"https:\/\/beawichreif.com\/\"},{\"@type\":\"ListItem\",\"position\":3,\"name\":\"Becher \/\/ kleine Vase mit eisblauem Glasur-Muster &#8211; Celeste\"}]},{\"@type\":\"WebSite\",\"@id\":\"https:\/\/beawichreif.com\/#website\",\"url\":\"https:\/\/beawichreif.com\/\",\"name\":\"Beate Wich-Reif Industrial Designer\",\"description\":\"Porzellan-Objekte\",\"potentialAction\":[{\"@type\":\"SearchAction\",\"target\":{\"@type\":\"EntryPoint\",\"urlTemplate\":\"https:\/\/beawichreif.com\/?s={search_term_string}\"},\"query-input\":{\"@type\":\"PropertyValueSpecification\",\"valueRequired\":true,\"valueName\":\"search_term_string\"}}],\"inLanguage\":\"de\"}]}<\/script>\n<!-- \/ Yoast SEO plugin. -->","yoast_head_json":{"title":"Becher \/\/ kleine Vase mit eisblauem Glasur-Muster - Celeste - Beate Wich-Reif Industrial Designer","robots":{"index":"index","follow":"follow","max-snippet":"max-snippet:-1","max-image-preview":"max-image-preview:large","max-video-preview":"max-video-preview:-1"},"canonical":"https:\/\/beawichreif.com\/?product=becher-kleine-vase-mit-eisblauem-glasur-muster-celeste","og_locale":"de_DE","og_type":"article","og_title":"Becher \/\/ kleine Vase mit eisblauem Glasur-Muster - Celeste - Beate Wich-Reif Industrial Designer","og_description":"Klassische Form trifft Veredelungs-Unikat. Gefertigt aus hochwertigem Porzellan \u201eMade in Franken\u201c sammelt diese kleine Vase Schreibzeug im Home Office, h\u00e4lt Zahnb\u00fcrsten im Badezimmer oder versorgt Schnittblumen mit Wasser. Sie kann auch als Trinkgef\u00e4\u00df genutzt werden. Die ca. 9,5 cm hohe Vase wurde in Handarbeit gegossen und mit eisblauer Glasur veredelt. Es handelt sich um ein [&hellip;]","og_url":"https:\/\/beawichreif.com\/?product=becher-kleine-vase-mit-eisblauem-glasur-muster-celeste","og_site_name":"Beate Wich-Reif Industrial Designer","article_modified_time":"2022-02-04T13:46:54+00:00","og_image":[{"width":800,"height":800,"url":"https:\/\/beawichreif.com\/wp-content\/uploads\/2021\/12\/becher_vase_beawichreif_celeste.jpg","type":"image\/jpeg"}],"twitter_card":"summary_large_image","schema":{"@context":"https:\/\/schema.org","@graph":[{"@type":"WebPage","@id":"https:\/\/beawichreif.com\/?product=becher-kleine-vase-mit-eisblauem-glasur-muster-celeste","url":"https:\/\/beawichreif.com\/?product=becher-kleine-vase-mit-eisblauem-glasur-muster-celeste","name":"Becher \/\/ kleine Vase mit eisblauem Glasur-Muster - Celeste - Beate Wich-Reif Industrial Designer","isPartOf":{"@id":"https:\/\/beawichreif.com\/#website"},"primaryImageOfPage":{"@id":"https:\/\/beawichreif.com\/?product=becher-kleine-vase-mit-eisblauem-glasur-muster-celeste#primaryimage"},"image":{"@id":"https:\/\/beawichreif.com\/?product=becher-kleine-vase-mit-eisblauem-glasur-muster-celeste#primaryimage"},"thumbnailUrl":"https:\/\/beawichreif.com\/wp-content\/uploads\/2021\/12\/becher_vase_beawichreif_celeste.jpg","datePublished":"2021-12-19T04:41:37+00:00","dateModified":"2022-02-04T13:46:54+00:00","breadcrumb":{"@id":"https:\/\/beawichreif.com\/?product=becher-kleine-vase-mit-eisblauem-glasur-muster-celeste#breadcrumb"},"inLanguage":"de","potentialAction":[{"@type":"ReadAction","target":["https:\/\/beawichreif.com\/?product=becher-kleine-vase-mit-eisblauem-glasur-muster-celeste"]}]},{"@type":"ImageObject","inLanguage":"de","@id":"https:\/\/beawichreif.com\/?product=becher-kleine-vase-mit-eisblauem-glasur-muster-celeste#primaryimage","url":"https:\/\/beawichreif.com\/wp-content\/uploads\/2021\/12\/becher_vase_beawichreif_celeste.jpg","contentUrl":"https:\/\/beawichreif.com\/wp-content\/uploads\/2021\/12\/becher_vase_beawichreif_celeste.jpg","width":800,"height":800},{"@type":"BreadcrumbList","@id":"https:\/\/beawichreif.com\/?product=becher-kleine-vase-mit-eisblauem-glasur-muster-celeste#breadcrumb","itemListElement":[{"@type":"ListItem","position":1,"name":"Startseite","item":"https:\/\/beawichreif.com\/"},{"@type":"ListItem","position":2,"name":"Porzellan Design Shop. Gespenster und mehr","item":"https:\/\/beawichreif.com\/"},{"@type":"ListItem","position":3,"name":"Becher \/\/ kleine Vase mit eisblauem Glasur-Muster &#8211; Celeste"}]},{"@type":"WebSite","@id":"https:\/\/beawichreif.com\/#website","url":"https:\/\/beawichreif.com\/","name":"Beate Wich-Reif Industrial Designer","description":"Porzellan-Objekte","potentialAction":[{"@type":"SearchAction","target":{"@type":"EntryPoint","urlTemplate":"https:\/\/beawichreif.com\/?s={search_term_string}"},"query-input":{"@type":"PropertyValueSpecification","valueRequired":true,"valueName":"search_term_string"}}],"inLanguage":"de"}]}},"_links":{"self":[{"href":"https:\/\/beawichreif.com\/index.php?rest_route=\/wp\/v2\/product\/1222","targetHints":{"allow":["GET"]}}],"collection":[{"href":"https:\/\/beawichreif.com\/index.php?rest_route=\/wp\/v2\/product"}],"about":[{"href":"https:\/\/beawichreif.com\/index.php?rest_route=\/wp\/v2\/types\/product"}],"version-history":[{"count":3,"href":"https:\/\/beawichreif.com\/index.php?rest_route=\/wp\/v2\/product\/1222\/revisions"}],"predecessor-version":[{"id":1394,"href":"https:\/\/beawichreif.com\/index.php?rest_route=\/wp\/v2\/product\/1222\/revisions\/1394"}],"wp:featuredmedia":[{"embeddable":true,"href":"https:\/\/beawichreif.com\/index.php?rest_route=\/wp\/v2\/media\/1223"}],"wp:attachment":[{"href":"https:\/\/beawichreif.com\/index.php?rest_route=%2Fwp%2Fv2%2Fmedia&parent=1222"}],"wp:term":[{"taxonomy":"product_brand","embeddable":true,"href":"https:\/\/beawichreif.com\/index.php?rest_route=%2Fwp%2Fv2%2Fproduct_brand&post=1222"},{"taxonomy":"product_cat","embeddable":true,"href":"https:\/\/beawichreif.com\/index.php?rest_route=%2Fwp%2Fv2%2Fproduct_cat&post=1222"},{"taxonomy":"product_tag","embeddable":true,"href":"https:\/\/beawichreif.com\/index.php?rest_route=%2Fwp%2Fv2%2Fproduct_tag&post=1222"}],"curies":[{"name":"wp","href":"https:\/\/api.w.org\/{rel}","templated":true}]}}